{"id":3161,"date":"2025-04-16T10:11:22","date_gmt":"2025-04-16T08:11:22","guid":{"rendered":"https:\/\/www.hemmakvall.se\/forening\/?page_id=3161"},"modified":"2025-11-12T15:41:43","modified_gmt":"2025-11-12T14:41:43","slug":"dubbel-vinst","status":"publish","type":"page","link":"https:\/\/www.hemmakvall.se\/forening\/dubbel-vinst\/","title":{"rendered":"Dubbel vinst"},"content":{"rendered":"\n<div class=\"row\"  id=\"row-1533262543\">\n\n\n\t<div id=\"col-1080381632\" class=\"col medium-5 small-12 large-5\"  >\n\t\t\t\t<div class=\"col-inner\"  >\n\t\t\t\n\t\t\t\n\n<h2>T\u00e4vlingsvillkor <br \/>&#8211; Vinn dubbel vinst!<\/h2>\n<p>Kul att ni \u00e4r intresserade av att t\u00e4vla och samtidigt komma n\u00e4rmre ert goda m\u00e5l!<\/p>\n<h3><strong>F\u00f6r att delta:<\/strong><\/h3>\n<ul>\n<li>B\u00f6rja s\u00e4lja till v\u00e4nner och familj via den digitala s\u00e4ljportalen eller med utskrivet s\u00e4ljmaterial.<\/li>\n<li>Skicka in er gemensamma best\u00e4llning mellan <strong>01-11-25 &#8211; 30-11-25<\/strong>.<\/li>\n<li>Totala best\u00e4llningsv\u00e4rdet beh\u00f6ver vara \u00f6ver <strong>9 000kr<\/strong>.\u00a0<\/li>\n<li>En vinnande klass- eller f\u00f6rening kommer att slumpvis tas ut efter t\u00e4vlingensavslut. Kontaktpersonen f\u00f6r den vinnande best\u00e4llningen kommer kontaktas och vinstbeloppet \u00e5terbetalas p\u00e5 best\u00e4llningen.<\/li>\n<\/ul>\n<p>G\u00f6r er redo att n\u00e5 era goda m\u00e5l &#8211; Kom ig\u00e5ng redan idag!<\/p>\n<p><em>F\u00f6r fullst\u00e4ndiga t\u00e4vlingsvillkor klicka <strong><a href=\"https:\/\/www.hemmakvall.se\/forening\/tavlingsvillkor\/\">H\u00c4R.<\/a><\/strong><\/em><\/p>\n<a href=\"https:\/\/www.hemmakvall.se\/portal\/registrera-klass\/\" target=\"_blank\" class=\"button primary\" rel=\"noopener\" >\n\t\t<span>Kom ig\u00e5ng - Digitalt!<\/span>\n\t<\/a>\n\n\n<a href=\"https:\/\/www.hemmakvall.se\/forening\/saljmaterial\/\" target=\"_blank\" class=\"button primary\" rel=\"noopener\" >\n\t\t<span>Kom ig\u00e5ng - Ladda ner S\u00e4ljmaterial!<\/span>\n\t<\/a>\n\n\n\n\t\t<\/div>\n\t\t\t\t\t<\/div>\n\n\t\n\n\t<div id=\"col-2117995448\" class=\"col medium-7 small-12 large-7\"  >\n\t\t\t\t<div class=\"col-inner\"  >\n\t\t\t\n\t\t\t\n\n\t<div class=\"img has-hover x md-x lg-x y md-y lg-y\" id=\"image_299097556\">\n\t\t\t\t\t\t\t\t<div class=\"img-inner dark\" >\n\t\t\t<img loading=\"lazy\" decoding=\"async\" width=\"768\" height=\"768\" src=\"https:\/\/www.hemmakvall.se\/forening\/wp-content\/uploads\/sites\/3\/2025\/10\/still-dubbelvinst_1x1-768x768.jpg\" class=\"attachment-medium_large size-medium_large\" alt=\"\" srcset=\"https:\/\/www.hemmakvall.se\/forening\/wp-content\/uploads\/sites\/3\/2025\/10\/still-dubbelvinst_1x1-768x768.jpg 768w, https:\/\/www.hemmakvall.se\/forening\/wp-content\/uploads\/sites\/3\/2025\/10\/still-dubbelvinst_1x1-300x300.jpg 300w, https:\/\/www.hemmakvall.se\/forening\/wp-content\/uploads\/sites\/3\/2025\/10\/still-dubbelvinst_1x1-1024x1024.jpg 1024w, https:\/\/www.hemmakvall.se\/forening\/wp-content\/uploads\/sites\/3\/2025\/10\/still-dubbelvinst_1x1-150x150.jpg 150w, https:\/\/www.hemmakvall.se\/forening\/wp-content\/uploads\/sites\/3\/2025\/10\/still-dubbelvinst_1x1-600x600.jpg 600w, https:\/\/www.hemmakvall.se\/forening\/wp-content\/uploads\/sites\/3\/2025\/10\/still-dubbelvinst_1x1-100x100.jpg 100w, https:\/\/www.hemmakvall.se\/forening\/wp-content\/uploads\/sites\/3\/2025\/10\/still-dubbelvinst_1x1-32x32.jpg 32w, https:\/\/www.hemmakvall.se\/forening\/wp-content\/uploads\/sites\/3\/2025\/10\/still-dubbelvinst_1x1.jpg 1080w\" sizes=\"auto, (max-width: 768px) 100vw, 768px\" \/>\t\t\t\t\t\t\n\t\t\t\t\t<\/div>\n\t\t\t\t\t\t\t\t\n<style>\n#image_299097556 {\n  width: 90%;\n}\n<\/style>\n\t<\/div>\n\t\n\n\n\t\t<\/div>\n\t\t\t\t\t<\/div>\n\n\t\n\n<\/div>\n\n","protected":false},"excerpt":{"rendered":"","protected":false},"author":17,"featured_media":0,"parent":0,"menu_order":0,"comment_status":"closed","ping_status":"closed","template":"","meta":{"_acf_changed":false,"footnotes":""},"class_list":["post-3161","page","type-page","status-publish","hentry"],"acf":[],"yoast_head":"<!-- This site is optimized with the Yoast SEO plugin v27.1.1 - https:\/\/yoast.com\/product\/yoast-seo-wordpress\/ -->\n<title>Dubbel vinst - Hemmakv\u00e4ll - F\u00f6rening<\/title>\n<meta name=\"robots\" content=\"index, follow, max-snippet:-1, max-image-preview:large, max-video-preview:-1\" \/>\n<link rel=\"canonical\" href=\"https:\/\/www.hemmakvall.se\/forening\/dubbel-vinst\/\" \/>\n<meta property=\"og:locale\" content=\"sv_SE\" \/>\n<meta property=\"og:type\" content=\"article\" \/>\n<meta property=\"og:title\" content=\"Dubbel vinst - Hemmakv\u00e4ll - F\u00f6rening\" \/>\n<meta property=\"og:url\" content=\"https:\/\/www.hemmakvall.se\/forening\/dubbel-vinst\/\" \/>\n<meta property=\"og:site_name\" content=\"Hemmakv\u00e4ll - F\u00f6rening\" \/>\n<meta property=\"article:modified_time\" content=\"2025-11-12T14:41:43+00:00\" \/>\n<meta property=\"og:image\" content=\"https:\/\/www.hemmakvall.se\/forening\/wp-content\/uploads\/sites\/3\/2023\/12\/sektion_21_square.jpg\" \/>\n\t<meta property=\"og:image:width\" content=\"1200\" \/>\n\t<meta property=\"og:image:height\" content=\"1200\" \/>\n\t<meta property=\"og:image:type\" content=\"image\/jpeg\" \/>\n<meta name=\"twitter:card\" content=\"summary_large_image\" \/>\n<meta name=\"twitter:label1\" content=\"Ber\u00e4knad l\u00e4stid\" \/>\n\t<meta name=\"twitter:data1\" content=\"1 minut\" \/>\n<script type=\"application\/ld+json\" class=\"yoast-schema-graph\">{\"@context\":\"https:\/\/schema.org\",\"@graph\":[{\"@type\":\"WebPage\",\"@id\":\"https:\/\/www.hemmakvall.se\/forening\/dubbel-vinst\/\",\"url\":\"https:\/\/www.hemmakvall.se\/forening\/dubbel-vinst\/\",\"name\":\"Dubbel vinst - Hemmakv\u00e4ll - F\u00f6rening\",\"isPartOf\":{\"@id\":\"https:\/\/www.hemmakvall.se\/forening\/#website\"},\"datePublished\":\"2025-04-16T08:11:22+00:00\",\"dateModified\":\"2025-11-12T14:41:43+00:00\",\"breadcrumb\":{\"@id\":\"https:\/\/www.hemmakvall.se\/forening\/dubbel-vinst\/#breadcrumb\"},\"inLanguage\":\"sv-SE\",\"potentialAction\":[{\"@type\":\"ReadAction\",\"target\":[\"https:\/\/www.hemmakvall.se\/forening\/dubbel-vinst\/\"]}]},{\"@type\":\"BreadcrumbList\",\"@id\":\"https:\/\/www.hemmakvall.se\/forening\/dubbel-vinst\/#breadcrumb\",\"itemListElement\":[{\"@type\":\"ListItem\",\"position\":1,\"name\":\"Hem\",\"item\":\"https:\/\/www.hemmakvall.se\/forening\/\"},{\"@type\":\"ListItem\",\"position\":2,\"name\":\"Dubbel vinst\"}]},{\"@type\":\"WebSite\",\"@id\":\"https:\/\/www.hemmakvall.se\/forening\/#website\",\"url\":\"https:\/\/www.hemmakvall.se\/forening\/\",\"name\":\"Hemmakv\u00e4ll - F\u00f6rening\",\"description\":\"\",\"publisher\":{\"@id\":\"https:\/\/www.hemmakvall.se\/forening\/#organization\"},\"potentialAction\":[{\"@type\":\"SearchAction\",\"target\":{\"@type\":\"EntryPoint\",\"urlTemplate\":\"https:\/\/www.hemmakvall.se\/forening\/?s={search_term_string}\"},\"query-input\":{\"@type\":\"PropertyValueSpecification\",\"valueRequired\":true,\"valueName\":\"search_term_string\"}}],\"inLanguage\":\"sv-SE\"},{\"@type\":\"Organization\",\"@id\":\"https:\/\/www.hemmakvall.se\/forening\/#organization\",\"name\":\"Hemmakv\u00e4ll - F\u00f6rening\",\"url\":\"https:\/\/www.hemmakvall.se\/forening\/\",\"logo\":{\"@type\":\"ImageObject\",\"inLanguage\":\"sv-SE\",\"@id\":\"https:\/\/www.hemmakvall.se\/forening\/#\/schema\/logo\/image\/\",\"url\":\"https:\/\/www.hemmakvall.se\/forening\/wp-content\/uploads\/sites\/3\/2023\/12\/hemmakvall-logo-1200bl.png\",\"contentUrl\":\"https:\/\/www.hemmakvall.se\/forening\/wp-content\/uploads\/sites\/3\/2023\/12\/hemmakvall-logo-1200bl.png\",\"width\":1201,\"height\":261,\"caption\":\"Hemmakv\u00e4ll - F\u00f6rening\"},\"image\":{\"@id\":\"https:\/\/www.hemmakvall.se\/forening\/#\/schema\/logo\/image\/\"}}]}<\/script>\n<!-- \/ Yoast SEO plugin. -->","yoast_head_json":{"title":"Dubbel vinst - Hemmakv\u00e4ll - F\u00f6rening","robots":{"index":"index","follow":"follow","max-snippet":"max-snippet:-1","max-image-preview":"max-image-preview:large","max-video-preview":"max-video-preview:-1"},"canonical":"https:\/\/www.hemmakvall.se\/forening\/dubbel-vinst\/","og_locale":"sv_SE","og_type":"article","og_title":"Dubbel vinst - Hemmakv\u00e4ll - F\u00f6rening","og_url":"https:\/\/www.hemmakvall.se\/forening\/dubbel-vinst\/","og_site_name":"Hemmakv\u00e4ll - F\u00f6rening","article_modified_time":"2025-11-12T14:41:43+00:00","og_image":[{"width":1200,"height":1200,"url":"https:\/\/www.hemmakvall.se\/forening\/wp-content\/uploads\/sites\/3\/2023\/12\/sektion_21_square.jpg","type":"image\/jpeg"}],"twitter_card":"summary_large_image","twitter_misc":{"Ber\u00e4knad l\u00e4stid":"1 minut"},"schema":{"@context":"https:\/\/schema.org","@graph":[{"@type":"WebPage","@id":"https:\/\/www.hemmakvall.se\/forening\/dubbel-vinst\/","url":"https:\/\/www.hemmakvall.se\/forening\/dubbel-vinst\/","name":"Dubbel vinst - Hemmakv\u00e4ll - F\u00f6rening","isPartOf":{"@id":"https:\/\/www.hemmakvall.se\/forening\/#website"},"datePublished":"2025-04-16T08:11:22+00:00","dateModified":"2025-11-12T14:41:43+00:00","breadcrumb":{"@id":"https:\/\/www.hemmakvall.se\/forening\/dubbel-vinst\/#breadcrumb"},"inLanguage":"sv-SE","potentialAction":[{"@type":"ReadAction","target":["https:\/\/www.hemmakvall.se\/forening\/dubbel-vinst\/"]}]},{"@type":"BreadcrumbList","@id":"https:\/\/www.hemmakvall.se\/forening\/dubbel-vinst\/#breadcrumb","itemListElement":[{"@type":"ListItem","position":1,"name":"Hem","item":"https:\/\/www.hemmakvall.se\/forening\/"},{"@type":"ListItem","position":2,"name":"Dubbel vinst"}]},{"@type":"WebSite","@id":"https:\/\/www.hemmakvall.se\/forening\/#website","url":"https:\/\/www.hemmakvall.se\/forening\/","name":"Hemmakv\u00e4ll - F\u00f6rening","description":"","publisher":{"@id":"https:\/\/www.hemmakvall.se\/forening\/#organization"},"potentialAction":[{"@type":"SearchAction","target":{"@type":"EntryPoint","urlTemplate":"https:\/\/www.hemmakvall.se\/forening\/?s={search_term_string}"},"query-input":{"@type":"PropertyValueSpecification","valueRequired":true,"valueName":"search_term_string"}}],"inLanguage":"sv-SE"},{"@type":"Organization","@id":"https:\/\/www.hemmakvall.se\/forening\/#organization","name":"Hemmakv\u00e4ll - F\u00f6rening","url":"https:\/\/www.hemmakvall.se\/forening\/","logo":{"@type":"ImageObject","inLanguage":"sv-SE","@id":"https:\/\/www.hemmakvall.se\/forening\/#\/schema\/logo\/image\/","url":"https:\/\/www.hemmakvall.se\/forening\/wp-content\/uploads\/sites\/3\/2023\/12\/hemmakvall-logo-1200bl.png","contentUrl":"https:\/\/www.hemmakvall.se\/forening\/wp-content\/uploads\/sites\/3\/2023\/12\/hemmakvall-logo-1200bl.png","width":1201,"height":261,"caption":"Hemmakv\u00e4ll - F\u00f6rening"},"image":{"@id":"https:\/\/www.hemmakvall.se\/forening\/#\/schema\/logo\/image\/"}}]}},"_links":{"self":[{"href":"https:\/\/www.hemmakvall.se\/forening\/wp-json\/wp\/v2\/pages\/3161","targetHints":{"allow":["GET"]}}],"collection":[{"href":"https:\/\/www.hemmakvall.se\/forening\/wp-json\/wp\/v2\/pages"}],"about":[{"href":"https:\/\/www.hemmakvall.se\/forening\/wp-json\/wp\/v2\/types\/page"}],"author":[{"embeddable":true,"href":"https:\/\/www.hemmakvall.se\/forening\/wp-json\/wp\/v2\/users\/17"}],"replies":[{"embeddable":true,"href":"https:\/\/www.hemmakvall.se\/forening\/wp-json\/wp\/v2\/comments?post=3161"}],"version-history":[{"count":20,"href":"https:\/\/www.hemmakvall.se\/forening\/wp-json\/wp\/v2\/pages\/3161\/revisions"}],"predecessor-version":[{"id":4209,"href":"https:\/\/www.hemmakvall.se\/forening\/wp-json\/wp\/v2\/pages\/3161\/revisions\/4209"}],"wp:attachment":[{"href":"https:\/\/www.hemmakvall.se\/forening\/wp-json\/wp\/v2\/media?parent=3161"}],"curies":[{"name":"wp","href":"https:\/\/api.w.org\/{rel}","templated":true}]}}