{"id":3725,"date":"2025-08-18T15:34:03","date_gmt":"2025-08-18T13:34:03","guid":{"rendered":"https:\/\/www.hemmakvall.se\/forening\/?page_id=3725"},"modified":"2025-11-13T12:51:55","modified_gmt":"2025-11-13T11:51:55","slug":"salj-godismix-kiosken","status":"publish","type":"page","link":"https:\/\/www.hemmakvall.se\/forening\/salj-godismix-kiosken\/","title":{"rendered":"S\u00e4lj godismixar i kiosken"},"content":{"rendered":"\n<div class=\"row\"  id=\"row-1077172715\">\n\n\n\t<div id=\"col-1787840415\" class=\"col small-12 large-12\"  >\n\t\t\t\t<div class=\"col-inner\"  >\n\t\t\t\n\t\t\t\n\n<div class=\"row\"  id=\"row-541091733\">\n\n\n\t<div id=\"col-1612723583\" class=\"col medium-7 small-12 large-7\"  >\n\t\t\t\t<div class=\"col-inner\"  >\n\t\t\t\n\t\t\t\n\n<h2 style=\"text-align: center;\">Tj\u00e4na pengar i kiosken med er egen godismix!<\/h2>\n<p data-start=\"132\" data-end=\"251\">Vill ni g\u00f6ra kiosken lite roligare och kassan lite st\u00f6rre? D\u00e5 \u00e4r personliga godismixar r\u00e4tt f\u00f6r er! Tillsammans skr\u00e4ddarsyr vi en l\u00f6sning som passar just er \u2013 vi \u00e4r alltid \u00f6ppna f\u00f6r nya id\u00e9er och f\u00f6rslag. F\u00e5 kiosken att sticka ut med personliga produkter som kan s\u00e4ljas under matcher, cuper eller andra events.<\/p>\n<p data-start=\"253\" data-end=\"478\">Vi packar och levererar f\u00e4rdiga mixar med ert valda namn, direkt till er eller f\u00f6r upph\u00e4mtning i butik.<\/p>\n<p data-start=\"480\" data-end=\"595\">L\u00e5ter det intressant? Kontakta oss via formul\u00e4ret nedan s\u00e5 ber\u00e4ttar vi mer!<\/p>\n\n\t\t<\/div>\n\t\t\t\t\t<\/div>\n\n\t\n\n\t<div id=\"col-1844743587\" class=\"col medium-5 small-12 large-5\"  >\n\t\t\t\t<div class=\"col-inner\"  >\n\t\t\t\n\t\t\t\n\n\t<div class=\"img has-hover x md-x lg-x y md-y lg-y\" id=\"image_847057741\">\n\t\t\t\t\t\t\t\t<div class=\"img-inner dark\" >\n\t\t\t<img loading=\"lazy\" decoding=\"async\" width=\"1020\" height=\"960\" src=\"https:\/\/www.hemmakvall.se\/forening\/wp-content\/uploads\/sites\/3\/2025\/11\/gulburk_godis_staende-1024x964.png\" class=\"attachment-large size-large\" alt=\"\" srcset=\"https:\/\/www.hemmakvall.se\/forening\/wp-content\/uploads\/sites\/3\/2025\/11\/gulburk_godis_staende-1024x964.png 1024w, https:\/\/www.hemmakvall.se\/forening\/wp-content\/uploads\/sites\/3\/2025\/11\/gulburk_godis_staende-300x282.png 300w, https:\/\/www.hemmakvall.se\/forening\/wp-content\/uploads\/sites\/3\/2025\/11\/gulburk_godis_staende-768x723.png 768w, https:\/\/www.hemmakvall.se\/forening\/wp-content\/uploads\/sites\/3\/2025\/11\/gulburk_godis_staende-1536x1445.png 1536w, https:\/\/www.hemmakvall.se\/forening\/wp-content\/uploads\/sites\/3\/2025\/11\/gulburk_godis_staende-2048x1927.png 2048w, https:\/\/www.hemmakvall.se\/forening\/wp-content\/uploads\/sites\/3\/2025\/11\/gulburk_godis_staende-600x565.png 600w\" sizes=\"auto, (max-width: 1020px) 100vw, 1020px\" \/>\t\t\t\t\t\t\n\t\t\t\t\t<\/div>\n\t\t\t\t\t\t\t\t\n<style>\n#image_847057741 {\n  width: 63%;\n}\n@media (min-width:550px) {\n  #image_847057741 {\n    width: 63%;\n  }\n}\n<\/style>\n\t<\/div>\n\t\n\n\n\t\t<\/div>\n\t\t\t\t\t<\/div>\n\n\t\n\n<\/div>\n\n\n<div class=\"frm_forms  with_frm_style frm_style_formidables-stilmall\" id=\"frm_form_2_container\" >\n<form enctype=\"multipart\/form-data\" method=\"post\" class=\"frm-show-form \" id=\"form_contact-form2\" >\n<div class=\"frm_form_fields \">\n<fieldset>\n<legend class=\"frm_screen_reader\">Contact Us - Godismixar kiosk<\/legend>\r\n\r\n<div class=\"frm_fields_container\">\n<input type=\"hidden\" name=\"frm_action\" value=\"create\" \/>\n<input type=\"hidden\" name=\"form_id\" value=\"2\" \/>\n<input type=\"hidden\" name=\"frm_hide_fields_2\" id=\"frm_hide_fields_2\" value=\"\" \/>\n<input type=\"hidden\" name=\"form_key\" value=\"contact-form2\" \/>\n<input type=\"hidden\" name=\"item_meta[0]\" value=\"\" \/>\n<input type=\"hidden\" id=\"frm_submit_entry_2\" name=\"frm_submit_entry_2\" value=\"99588f2c66\" \/><input type=\"hidden\" name=\"_wp_http_referer\" value=\"\/forening\/wp-json\/wp\/v2\/pages\/3725\" \/><div id=\"frm_field_9_container\" class=\"frm_form_field form-field  frm_required_field frm_top_container frm12 frm_first\">\r\n    <label for=\"field_qh4icy2\" id=\"field_qh4icy2_label\" class=\"frm_primary_label\">Namn\r\n        <span class=\"frm_required\" aria-hidden=\"true\">*<\/span>\r\n    <\/label>\r\n    <input type=\"text\" id=\"field_qh4icy2\" name=\"item_meta[9]\" value=\"\"  placeholder=\"Ditt namn\" data-reqmsg=\"Detta f\u00e4lt kan inte vara tomt.\" aria-required=\"true\" data-invmsg=\"Name \u00e4r ogiltigt\" aria-invalid=\"false\"  \/>\r\n    \r\n    \r\n<\/div>\n<div id=\"frm_field_10_container\" class=\"frm_form_field form-field  frm_required_field frm_top_container frm_full\">\r\n    <label for=\"field_29yf4d2\" id=\"field_29yf4d2_label\" class=\"frm_primary_label\">E-post\r\n        <span class=\"frm_required\" aria-hidden=\"true\">*<\/span>\r\n    <\/label>\r\n    <input type=\"email\" id=\"field_29yf4d2\" name=\"item_meta[10]\" value=\"\"  placeholder=\"Din e-postadress\" data-reqmsg=\"Detta f\u00e4lt kan inte vara tomt.\" aria-required=\"true\" data-invmsg=\"Please enter a valid email address\" aria-invalid=\"false\"  \/>\r\n    \r\n    \r\n<\/div>\n<div id=\"frm_field_11_container\" class=\"frm_form_field form-field  frm_required_field frm_top_container\">\r\n    <label for=\"field_h2h1y2\" id=\"field_h2h1y2_label\" class=\"frm_primary_label\">Telefon\r\n        <span class=\"frm_required\" aria-hidden=\"true\">*<\/span>\r\n    <\/label>\r\n    <input type=\"tel\" id=\"field_h2h1y2\" name=\"item_meta[11]\" value=\"\"  placeholder=\"Ditt telefonnummer\" data-reqmsg=\"Detta f\u00e4lt kan inte vara tomt.\" aria-required=\"true\" data-invmsg=\"Telefon \u00e4r ogiltigt\" aria-invalid=\"false\" pattern=\"((\\+\\d{1,3}(-|.| )?\\(?\\d\\)?(-| |.)?\\d{1,5})|(\\(?\\d{2,6}\\)?))(-|.| )?(\\d{3,4})(-|.| )?(\\d{4})(( x| ext)\\d{1,5}){0,1}$\"  \/>\r\n    \r\n    \r\n<\/div>\n<div id=\"frm_field_12_container\" class=\"frm_form_field form-field  frm_required_field frm_top_container frm_full\">\r\n    <label for=\"field_e6lis62\" id=\"field_e6lis62_label\" class=\"frm_primary_label\">Vad heter ert lag eller f\u00f6rening?\r\n        <span class=\"frm_required\" aria-hidden=\"true\">*<\/span>\r\n    <\/label>\r\n    <input type=\"text\" id=\"field_e6lis62\" name=\"item_meta[12]\" value=\"\"  data-reqmsg=\"Detta f\u00e4lt kan inte vara tomt.\" aria-required=\"true\" data-invmsg=\"Subject \u00e4r ogiltigt\" aria-invalid=\"false\"  \/>\r\n    \r\n    \r\n<\/div>\n<div id=\"frm_field_13_container\" class=\"frm_form_field form-field  frm_required_field frm_top_container frm_full\">\r\n    <label for=\"field_9jv0r12\" id=\"field_9jv0r12_label\" class=\"frm_primary_label\">Meddelande\r\n        <span class=\"frm_required\" aria-hidden=\"true\">*<\/span>\r\n    <\/label>\r\n    <textarea name=\"item_meta[13]\" id=\"field_9jv0r12\" rows=\"5\"  data-reqmsg=\"Detta f\u00e4lt kan inte vara tomt.\" aria-required=\"true\" data-invmsg=\"Meddelande \u00e4r ogiltigt\" aria-invalid=\"false\"  ><\/textarea>\r\n    \r\n    \r\n<\/div>\n<div id=\"frm_field_14_container\" class=\"frm_form_field form-field  frm_none_container\">\r\n    <label for=\"g-recaptcha-response\" id=\"field_9yh9b2_label\" class=\"frm_primary_label\">\r\n        <span class=\"frm_required\" aria-hidden=\"true\"><\/span>\r\n    <\/label>\r\n    <div  id=\"field_9yh9b2\" class=\"g-recaptcha\" data-sitekey=\"6Levg0wpAAAAAI8W6V7F1VXJd5XZL3_dJwX1o4pg\" data-size=\"normal\" data-theme=\"light\"><\/div>\r\n    \r\n    \r\n<\/div>\n<div id=\"frm_field_15_container\" class=\"frm_form_field form-field \">\r\n\t<div class=\"frm_submit\">\r\n\r\n<button class=\"frm_button_submit\" type=\"submit\"  >Skicka<\/button>\r\n\r\n\r\n<\/div>\r\n<\/div>\n\t<input type=\"hidden\" name=\"item_key\" value=\"\" \/>\n\t\t\t<div id=\"frm_field_16_container\">\n\t\t\t<label for=\"field_n0b8\" >\n\t\t\t\tOm du \u00e4r m\u00e4nsklig, l\u00e4mna det h\u00e4r f\u00e4ltet tomt.\t\t\t<\/label>\n\t\t\t<input  id=\"field_n0b8\" type=\"text\" class=\"frm_form_field form-field frm_verify\" name=\"item_meta[16]\" value=\"\"  \/>\n\t\t<\/div>\n\t\t<input name=\"frm_state\" type=\"hidden\" value=\"WY7dFIG4TW8odBe7Lq+Eql2a64WPT5h\/+9q9MRGKzKM=\" \/><\/div>\n<\/fieldset>\n<\/div>\n\n<\/form>\n<\/div>\n\n\n\n\t\t<\/div>\n\t\t\t\t\t<\/div>\n\n\t\n\n<\/div>\n\n","protected":false},"excerpt":{"rendered":"","protected":false},"author":17,"featured_media":0,"parent":0,"menu_order":0,"comment_status":"closed","ping_status":"closed","template":"","meta":{"_acf_changed":false,"footnotes":""},"class_list":["post-3725","page","type-page","status-publish","hentry"],"acf":[],"yoast_head":"<!-- This site is optimized with the Yoast SEO plugin v27.4 - https:\/\/yoast.com\/product\/yoast-seo-wordpress\/ -->\n<title>S\u00e4lj godismixar i kiosken - Hemmakv\u00e4ll - F\u00f6rening<\/title>\n<meta name=\"description\" content=\"S\u00e4lj godismix i kiosken och tj\u00e4na pengar till laget eller f\u00f6reningen. Hemmakv\u00e4ll fixar lagspecifika mixar \u2013 perfekt f\u00f6r matcher, cuper och evenemang!\" \/>\n<meta name=\"robots\" content=\"index, follow, max-snippet:-1, max-image-preview:large, max-video-preview:-1\" \/>\n<link rel=\"canonical\" href=\"https:\/\/www.hemmakvall.se\/forening\/salj-godismix-kiosken\/\" \/>\n<meta property=\"og:locale\" content=\"sv_SE\" \/>\n<meta property=\"og:type\" content=\"article\" \/>\n<meta property=\"og:title\" content=\"S\u00e4lj godismixar i kiosken - Hemmakv\u00e4ll - F\u00f6rening\" \/>\n<meta property=\"og:description\" content=\"S\u00e4lj godismix i kiosken och tj\u00e4na pengar till laget eller f\u00f6reningen. Hemmakv\u00e4ll fixar lagspecifika mixar \u2013 perfekt f\u00f6r matcher, cuper och evenemang!\" \/>\n<meta property=\"og:url\" content=\"https:\/\/www.hemmakvall.se\/forening\/salj-godismix-kiosken\/\" \/>\n<meta property=\"og:site_name\" content=\"Hemmakv\u00e4ll - F\u00f6rening\" \/>\n<meta property=\"article:modified_time\" content=\"2025-11-13T11:51:55+00:00\" \/>\n<meta property=\"og:image\" content=\"https:\/\/www.hemmakvall.se\/forening\/wp-content\/uploads\/sites\/3\/2023\/12\/sektion_21_square.jpg\" \/>\n\t<meta property=\"og:image:width\" content=\"1200\" \/>\n\t<meta property=\"og:image:height\" content=\"1200\" \/>\n\t<meta property=\"og:image:type\" content=\"image\/jpeg\" \/>\n<meta name=\"twitter:card\" content=\"summary_large_image\" \/>\n<meta name=\"twitter:label1\" content=\"Ber\u00e4knad l\u00e4stid\" \/>\n\t<meta name=\"twitter:data1\" content=\"1 minut\" \/>\n<script type=\"application\/ld+json\" class=\"yoast-schema-graph\">{\"@context\":\"https:\\\/\\\/schema.org\",\"@graph\":[{\"@type\":\"WebPage\",\"@id\":\"https:\\\/\\\/www.hemmakvall.se\\\/forening\\\/salj-godismix-kiosken\\\/\",\"url\":\"https:\\\/\\\/www.hemmakvall.se\\\/forening\\\/salj-godismix-kiosken\\\/\",\"name\":\"S\u00e4lj godismixar i kiosken - Hemmakv\u00e4ll - F\u00f6rening\",\"isPartOf\":{\"@id\":\"https:\\\/\\\/www.hemmakvall.se\\\/forening\\\/#website\"},\"datePublished\":\"2025-08-18T13:34:03+00:00\",\"dateModified\":\"2025-11-13T11:51:55+00:00\",\"description\":\"S\u00e4lj godismix i kiosken och tj\u00e4na pengar till laget eller f\u00f6reningen. Hemmakv\u00e4ll fixar lagspecifika mixar \u2013 perfekt f\u00f6r matcher, cuper och evenemang!\",\"breadcrumb\":{\"@id\":\"https:\\\/\\\/www.hemmakvall.se\\\/forening\\\/salj-godismix-kiosken\\\/#breadcrumb\"},\"inLanguage\":\"sv-SE\",\"potentialAction\":[{\"@type\":\"ReadAction\",\"target\":[\"https:\\\/\\\/www.hemmakvall.se\\\/forening\\\/salj-godismix-kiosken\\\/\"]}]},{\"@type\":\"BreadcrumbList\",\"@id\":\"https:\\\/\\\/www.hemmakvall.se\\\/forening\\\/salj-godismix-kiosken\\\/#breadcrumb\",\"itemListElement\":[{\"@type\":\"ListItem\",\"position\":1,\"name\":\"Hem\",\"item\":\"https:\\\/\\\/www.hemmakvall.se\\\/forening\\\/\"},{\"@type\":\"ListItem\",\"position\":2,\"name\":\"S\u00e4lj godismixar i kiosken\"}]},{\"@type\":\"WebSite\",\"@id\":\"https:\\\/\\\/www.hemmakvall.se\\\/forening\\\/#website\",\"url\":\"https:\\\/\\\/www.hemmakvall.se\\\/forening\\\/\",\"name\":\"Hemmakv\u00e4ll - F\u00f6rening\",\"description\":\"\",\"publisher\":{\"@id\":\"https:\\\/\\\/www.hemmakvall.se\\\/forening\\\/#organization\"},\"potentialAction\":[{\"@type\":\"SearchAction\",\"target\":{\"@type\":\"EntryPoint\",\"urlTemplate\":\"https:\\\/\\\/www.hemmakvall.se\\\/forening\\\/?s={search_term_string}\"},\"query-input\":{\"@type\":\"PropertyValueSpecification\",\"valueRequired\":true,\"valueName\":\"search_term_string\"}}],\"inLanguage\":\"sv-SE\"},{\"@type\":\"Organization\",\"@id\":\"https:\\\/\\\/www.hemmakvall.se\\\/forening\\\/#organization\",\"name\":\"Hemmakv\u00e4ll - F\u00f6rening\",\"url\":\"https:\\\/\\\/www.hemmakvall.se\\\/forening\\\/\",\"logo\":{\"@type\":\"ImageObject\",\"inLanguage\":\"sv-SE\",\"@id\":\"https:\\\/\\\/www.hemmakvall.se\\\/forening\\\/#\\\/schema\\\/logo\\\/image\\\/\",\"url\":\"https:\\\/\\\/www.hemmakvall.se\\\/forening\\\/wp-content\\\/uploads\\\/sites\\\/3\\\/2023\\\/12\\\/hemmakvall-logo-1200bl.png\",\"contentUrl\":\"https:\\\/\\\/www.hemmakvall.se\\\/forening\\\/wp-content\\\/uploads\\\/sites\\\/3\\\/2023\\\/12\\\/hemmakvall-logo-1200bl.png\",\"width\":1201,\"height\":261,\"caption\":\"Hemmakv\u00e4ll - F\u00f6rening\"},\"image\":{\"@id\":\"https:\\\/\\\/www.hemmakvall.se\\\/forening\\\/#\\\/schema\\\/logo\\\/image\\\/\"}}]}<\/script>\n<!-- \/ Yoast SEO plugin. -->","yoast_head_json":{"title":"S\u00e4lj godismixar i kiosken - Hemmakv\u00e4ll - F\u00f6rening","description":"S\u00e4lj godismix i kiosken och tj\u00e4na pengar till laget eller f\u00f6reningen. Hemmakv\u00e4ll fixar lagspecifika mixar \u2013 perfekt f\u00f6r matcher, cuper och evenemang!","robots":{"index":"index","follow":"follow","max-snippet":"max-snippet:-1","max-image-preview":"max-image-preview:large","max-video-preview":"max-video-preview:-1"},"canonical":"https:\/\/www.hemmakvall.se\/forening\/salj-godismix-kiosken\/","og_locale":"sv_SE","og_type":"article","og_title":"S\u00e4lj godismixar i kiosken - Hemmakv\u00e4ll - F\u00f6rening","og_description":"S\u00e4lj godismix i kiosken och tj\u00e4na pengar till laget eller f\u00f6reningen. Hemmakv\u00e4ll fixar lagspecifika mixar \u2013 perfekt f\u00f6r matcher, cuper och evenemang!","og_url":"https:\/\/www.hemmakvall.se\/forening\/salj-godismix-kiosken\/","og_site_name":"Hemmakv\u00e4ll - F\u00f6rening","article_modified_time":"2025-11-13T11:51:55+00:00","og_image":[{"width":1200,"height":1200,"url":"https:\/\/www.hemmakvall.se\/forening\/wp-content\/uploads\/sites\/3\/2023\/12\/sektion_21_square.jpg","type":"image\/jpeg"}],"twitter_card":"summary_large_image","twitter_misc":{"Ber\u00e4knad l\u00e4stid":"1 minut"},"schema":{"@context":"https:\/\/schema.org","@graph":[{"@type":"WebPage","@id":"https:\/\/www.hemmakvall.se\/forening\/salj-godismix-kiosken\/","url":"https:\/\/www.hemmakvall.se\/forening\/salj-godismix-kiosken\/","name":"S\u00e4lj godismixar i kiosken - Hemmakv\u00e4ll - F\u00f6rening","isPartOf":{"@id":"https:\/\/www.hemmakvall.se\/forening\/#website"},"datePublished":"2025-08-18T13:34:03+00:00","dateModified":"2025-11-13T11:51:55+00:00","description":"S\u00e4lj godismix i kiosken och tj\u00e4na pengar till laget eller f\u00f6reningen. Hemmakv\u00e4ll fixar lagspecifika mixar \u2013 perfekt f\u00f6r matcher, cuper och evenemang!","breadcrumb":{"@id":"https:\/\/www.hemmakvall.se\/forening\/salj-godismix-kiosken\/#breadcrumb"},"inLanguage":"sv-SE","potentialAction":[{"@type":"ReadAction","target":["https:\/\/www.hemmakvall.se\/forening\/salj-godismix-kiosken\/"]}]},{"@type":"BreadcrumbList","@id":"https:\/\/www.hemmakvall.se\/forening\/salj-godismix-kiosken\/#breadcrumb","itemListElement":[{"@type":"ListItem","position":1,"name":"Hem","item":"https:\/\/www.hemmakvall.se\/forening\/"},{"@type":"ListItem","position":2,"name":"S\u00e4lj godismixar i kiosken"}]},{"@type":"WebSite","@id":"https:\/\/www.hemmakvall.se\/forening\/#website","url":"https:\/\/www.hemmakvall.se\/forening\/","name":"Hemmakv\u00e4ll - F\u00f6rening","description":"","publisher":{"@id":"https:\/\/www.hemmakvall.se\/forening\/#organization"},"potentialAction":[{"@type":"SearchAction","target":{"@type":"EntryPoint","urlTemplate":"https:\/\/www.hemmakvall.se\/forening\/?s={search_term_string}"},"query-input":{"@type":"PropertyValueSpecification","valueRequired":true,"valueName":"search_term_string"}}],"inLanguage":"sv-SE"},{"@type":"Organization","@id":"https:\/\/www.hemmakvall.se\/forening\/#organization","name":"Hemmakv\u00e4ll - F\u00f6rening","url":"https:\/\/www.hemmakvall.se\/forening\/","logo":{"@type":"ImageObject","inLanguage":"sv-SE","@id":"https:\/\/www.hemmakvall.se\/forening\/#\/schema\/logo\/image\/","url":"https:\/\/www.hemmakvall.se\/forening\/wp-content\/uploads\/sites\/3\/2023\/12\/hemmakvall-logo-1200bl.png","contentUrl":"https:\/\/www.hemmakvall.se\/forening\/wp-content\/uploads\/sites\/3\/2023\/12\/hemmakvall-logo-1200bl.png","width":1201,"height":261,"caption":"Hemmakv\u00e4ll - F\u00f6rening"},"image":{"@id":"https:\/\/www.hemmakvall.se\/forening\/#\/schema\/logo\/image\/"}}]}},"_links":{"self":[{"href":"https:\/\/www.hemmakvall.se\/forening\/wp-json\/wp\/v2\/pages\/3725","targetHints":{"allow":["GET"]}}],"collection":[{"href":"https:\/\/www.hemmakvall.se\/forening\/wp-json\/wp\/v2\/pages"}],"about":[{"href":"https:\/\/www.hemmakvall.se\/forening\/wp-json\/wp\/v2\/types\/page"}],"author":[{"embeddable":true,"href":"https:\/\/www.hemmakvall.se\/forening\/wp-json\/wp\/v2\/users\/17"}],"replies":[{"embeddable":true,"href":"https:\/\/www.hemmakvall.se\/forening\/wp-json\/wp\/v2\/comments?post=3725"}],"version-history":[{"count":16,"href":"https:\/\/www.hemmakvall.se\/forening\/wp-json\/wp\/v2\/pages\/3725\/revisions"}],"predecessor-version":[{"id":4392,"href":"https:\/\/www.hemmakvall.se\/forening\/wp-json\/wp\/v2\/pages\/3725\/revisions\/4392"}],"wp:attachment":[{"href":"https:\/\/www.hemmakvall.se\/forening\/wp-json\/wp\/v2\/media?parent=3725"}],"curies":[{"name":"wp","href":"https:\/\/api.w.org\/{rel}","templated":true}]}}