{"id":1813,"date":"2024-05-07T10:43:15","date_gmt":"2024-05-07T08:43:15","guid":{"rendered":"https:\/\/www.hemmakvall.se\/foretag\/?page_id=1813"},"modified":"2025-04-04T09:14:24","modified_gmt":"2025-04-04T07:14:24","slug":"tavlingsvillkor","status":"publish","type":"page","link":"https:\/\/www.hemmakvall.se\/foretag\/tavlingsvillkor\/","title":{"rendered":"T\u00e4vlingsvillkor"},"content":{"rendered":"\n\n  <div class=\"banner has-hover stripe turkos\" id=\"banner-461474462\">\n          <div class=\"banner-inner fill\">\n        <div class=\"banner-bg fill\" >\n                                                \n                    <\/div>\n\t\t\n        <div class=\"banner-layers container\">\n            <div class=\"fill banner-link\"><\/div>            \n\n   <div id=\"text-box-1483502843\" class=\"text-box banner-layer x50 md-x50 lg-x50 y40 md-y40 lg-y40 res-text\">\n                                <div class=\"text-box-content text dark\">\n              \n              <div class=\"text-inner text-center\">\n                  \n\n\t<div id=\"text-2009375567\" class=\"text hero_undertext\">\n\t\t\n\n<h1>T\u00e4vlingsvillkor<\/h1>\n\t\t\t<\/div>\n\t\n\n              <\/div>\n           <\/div>\n                            \n<style>\n#text-box-1483502843 {\n  width: 100%;\n}\n#text-box-1483502843 .text-box-content {\n  font-size: 100%;\n}\n@media (min-width:550px) {\n  #text-box-1483502843 {\n    width: 100%;\n  }\n}\n<\/style>\n    <\/div>\n \n\n        <\/div>\n      <\/div>\n\n            \n<style>\n#banner-461474462 {\n  padding-top: 235px;\n}\n@media (min-width:550px) {\n  #banner-461474462 {\n    padding-top: 235px;\n  }\n}\n<\/style>\n  <\/div>\n\n\n<div class=\"row\"  id=\"row-143604466\">\n\n\n\t<div id=\"col-159775725\" class=\"col small-12 large-12\"  >\n\t\t\t\t<div class=\"col-inner\"  >\n\t\t\t\n\t\t\t\n\n<h2>T\u00e4vlingspolicy\/-T\u00e4vlingsvillkor<\/h2>\n<p>Genom att delta i Hemmakv\u00e4ll AB, fortsatt ben\u00e4mnd som \u201dHemmakv\u00e4ll\u201d med org. nr 556344 \u2013 4933, Hjalmar Brantingsv\u00e4g 41261 43 Landskrona, telefonnummer: +46709211261) t\u00e4vling godk\u00e4nner du som t\u00e4vlingsdeltagare f\u00f6ljande villkor, ut\u00f6ver vad som s\u00e4rskilt angivits i samband med t\u00e4vlingens publicering.<\/p>\n<p>T\u00e4vlingar arrangerade av Hemmakv\u00e4ll \u00e4r inte sponsrade, godk\u00e4nda, administrerade av eller associerade med Instagram, Facebook och\/eller TikTok.<\/p>\n<p><strong>Deltagande<br \/><\/strong>F\u00f6r att delta i en t\u00e4vling arrangerad av Hemmakv\u00e4ll skall du som deltagare l\u00e4mna\/skicka in ett bidra eller utf\u00f6ra en uppgift i enlighet med de instruktioner som ges i samband med t\u00e4vlingen. T\u00e4vlingen p\u00e5g\u00e5r mellan de datum som anges i samband med publicering av t\u00e4vlingen.<\/p>\n<p>F\u00f6r att kunna delta kr\u00e4vs det att deltagaren har en fullst\u00e4ndig version av den plattform d\u00e4r t\u00e4vlingen utf\u00f6rs, s\u00e5 som Instagram, Facebook och\/eller TikTok samt f\u00f6ljer de officiella reglerna p\u00e5 respektive plattform.<\/p>\n<p>Anst\u00e4llda p\u00e5 Hemmakv\u00e4ll f\u00e5r inte delta i t\u00e4vling arrangerad av Hemmakv\u00e4ll.<\/p>\n<p><strong>Vinnare<br \/><\/strong>Vinnare i t\u00e4vlingen kommer att v\u00e4ljas genom en slumpm\u00e4ssig dragning bland alla ber\u00e4ttigade bidrag i slutet av t\u00e4vlingsperioden.<\/p>\n<p>Vinnarna kommer att meddelas via meddelandefunktionen p\u00e5 respektive plattform eller via mejl om t\u00e4vlingsbidraget har mejlats enligt instruktion till Hemmakv\u00e4ll.<\/p>\n<p>\u00c4r vinnaren under 18 \u00e5r beh\u00f6vs v\u00e5rdnadshavares godk\u00e4nnande.<\/p>\n<p><strong>Vinnarmeddelande och krav p\u00e5 vinst:\u00a0<br \/><\/strong>Utsedd vinnare har 48 timmar p\u00e5 sig fr\u00e5n tidpunkten f\u00f6r meddelandet\/mejlet att svara och g\u00f6ra anspr\u00e5k p\u00e5 sin vinst. Om en vinnare inte svarar inom denna tidsram f\u00f6rlorar de sin r\u00e4tt till vinsten, och en alternativ vinnare kommer att utses genom en ny slumpm\u00e4ssig dragning.<\/p>\n<p>Vinsten kan inte bytas mot pengar och eventuell vinstskatt betalas av vinnaren.<\/p>\n<p><strong>Personuppgiftshantering, datainsamling och integritet<br \/><\/strong>F\u00f6r att kunna kontakta vinnaren kan personuppgifter i form av namn, adress, email och telefonnummer komma att samlas in via personligt meddelande. \u00c4r vinnaren under 18 \u00e5r beh\u00f6vs v\u00e5rdnadshavares godk\u00e4nnande.<\/p>\n<p>Genom att delta i t\u00e4vling arrangerad av Hemmakv\u00e4ll samtycker du till och ger Hemmakv\u00e4ll r\u00e4tt att publicera och att anv\u00e4nda ditt namn, din bild och r\u00f6rlig bild (inklusive uttalanden) f\u00f6r anv\u00e4ndning och publicering i sin interna och externa kommunikation.<\/p>\n<p>Insamlade uppgifter kommer endast att anv\u00e4ndas f\u00f6r t\u00e4vlings\u00e4ndam\u00e5l och i enlighet med Hemmakv\u00e4lls integritetspolicy, tillg\u00e4nglig\u00a0<a href=\"https:\/\/www.hemmakvall.se\/integritetspolicy\/\">H\u00c4R<\/a>\u00a0samt g\u00e4llande dataskyddslagar. Personuppgifter kommer att raderas efter t\u00e4vlingens avslut, om inte l\u00e4ngre lagring kr\u00e4vs enligt lag.\u00a0<\/p>\n<p><strong>Immateriella r\u00e4ttigheter<br \/><\/strong>Genom att delta i t\u00e4vling arrangerad av Hemmakv\u00e4ll d\u00e4r n\u00e5gon form av t\u00e4vlingsbidrag l\u00e4mnats in samtycker och ger du Hemmakv\u00e4ll fullst\u00e4ndiga\u00a0immateriella\u00a0r\u00e4ttigheter genom ditt deltagande.\u00a0Hemmakv\u00e4ll \u00e4ger d\u00e4rmed r\u00e4tten att fritt anv\u00e4nda alla inl\u00e4mnade t\u00e4vlingsbidrag, i sin helhet eller delvis, utan begr\u00e4nsning i tid i marknadsf\u00f6rings- och kommersiella syften. Notera att detta g\u00e4ller \u00e4ven om inte du utses till vinnare.<\/p>\n<p><strong>Ansvarsbegr\u00e4nsning<br \/><\/strong>Hemmakv\u00e4ll ansvarar inte f\u00f6r tekniska problem, n\u00e4tverksproblematik eller andra sv\u00e5righeter som kan f\u00f6rhindra deltagande. Deltagaren samtycker till att h\u00e5lla Hemmakv\u00e4ll och plattformen skadesl\u00f6sa fr\u00e5n allt ansvar, anspr\u00e5k eller skador som uppst\u00e5r fr\u00e5n deltagande i t\u00e4vling arrangerad av Hemmakv\u00e4ll eller acceptans, anv\u00e4ndning eller missbruk av n\u00e5got pris.\u00a0<\/p>\n<p><strong>Till\u00e4mplig lag och tvister<br \/><\/strong>T\u00e4vlingen och dessa villkor regleras av svensk lag. Eventuella tvister som uppst\u00e5r ur eller i samband med denna t\u00e4vling ska vara f\u00f6rem\u00e5l f\u00f6r svensk domstols exklusiva jurisdiktion.<\/p>\n<p><strong>\u00c4ndringar<br \/><\/strong>Hemmakv\u00e4ll f\u00f6rbeh\u00e5ller sig r\u00e4tten att \u00e4ndra, avbryta eller avsluta t\u00e4vlingen vid behov p\u00e5 grund av of\u00f6rutsedda omst\u00e4ndigheter, bedr\u00e4geri eller tekniska problem. Eventuella \u00e4ndringar kommer att meddelas i det ursprungliga t\u00e4vlingsinl\u00e4gget.<\/p>\n<p><strong>Kontakt<\/strong>:<br \/>Vid allm\u00e4nna fr\u00e5gor eller fr\u00e5gor om personuppgifter v\u00e4nligen kontakta\u00a0<a href=\"mailto:kundservice@hemmakvall.se\">kundservice@hemmakvall.se<\/a>.<\/p>\n\n\t\t<\/div>\n\t\t\t\t\t<\/div>\n\n\t\n\n<\/div>\n\n","protected":false},"excerpt":{"rendered":"","protected":false},"author":1,"featured_media":0,"parent":0,"menu_order":0,"comment_status":"closed","ping_status":"closed","template":"page-blank.php","meta":{"_acf_changed":false,"footnotes":""},"class_list":["post-1813","page","type-page","status-publish","hentry"],"acf":[],"yoast_head":"<!-- This site is optimized with the Yoast SEO plugin v27.4 - https:\/\/yoast.com\/product\/yoast-seo-wordpress\/ -->\n<title>T\u00e4vlingsvillkor - Hemmakv\u00e4ll - F\u00f6retag<\/title>\n<meta name=\"robots\" content=\"index, follow, max-snippet:-1, max-image-preview:large, max-video-preview:-1\" \/>\n<link rel=\"canonical\" href=\"https:\/\/www.hemmakvall.se\/foretag\/tavlingsvillkor\/\" \/>\n<meta property=\"og:locale\" content=\"sv_SE\" \/>\n<meta property=\"og:type\" content=\"article\" \/>\n<meta property=\"og:title\" content=\"T\u00e4vlingsvillkor - Hemmakv\u00e4ll - F\u00f6retag\" \/>\n<meta property=\"og:url\" content=\"https:\/\/www.hemmakvall.se\/foretag\/tavlingsvillkor\/\" \/>\n<meta property=\"og:site_name\" content=\"Hemmakv\u00e4ll - F\u00f6retag\" \/>\n<meta property=\"article:modified_time\" content=\"2025-04-04T07:14:24+00:00\" \/>\n<meta property=\"og:image\" content=\"https:\/\/www.hemmakvall.se\/foretag\/wp-content\/uploads\/sites\/2\/2023\/12\/sektion_21_square.jpg\" \/>\n\t<meta property=\"og:image:width\" content=\"1200\" \/>\n\t<meta property=\"og:image:height\" content=\"1200\" \/>\n\t<meta property=\"og:image:type\" content=\"image\/jpeg\" \/>\n<meta name=\"twitter:card\" content=\"summary_large_image\" \/>\n<meta name=\"twitter:label1\" content=\"Ber\u00e4knad l\u00e4stid\" \/>\n\t<meta name=\"twitter:data1\" content=\"2 minuter\" \/>\n<script type=\"application\/ld+json\" class=\"yoast-schema-graph\">{\"@context\":\"https:\\\/\\\/schema.org\",\"@graph\":[{\"@type\":\"WebPage\",\"@id\":\"https:\\\/\\\/www.hemmakvall.se\\\/foretag\\\/tavlingsvillkor\\\/\",\"url\":\"https:\\\/\\\/www.hemmakvall.se\\\/foretag\\\/tavlingsvillkor\\\/\",\"name\":\"T\u00e4vlingsvillkor - Hemmakv\u00e4ll - F\u00f6retag\",\"isPartOf\":{\"@id\":\"https:\\\/\\\/www.hemmakvall.se\\\/foretag\\\/#website\"},\"datePublished\":\"2024-05-07T08:43:15+00:00\",\"dateModified\":\"2025-04-04T07:14:24+00:00\",\"breadcrumb\":{\"@id\":\"https:\\\/\\\/www.hemmakvall.se\\\/foretag\\\/tavlingsvillkor\\\/#breadcrumb\"},\"inLanguage\":\"sv-SE\",\"potentialAction\":[{\"@type\":\"ReadAction\",\"target\":[\"https:\\\/\\\/www.hemmakvall.se\\\/foretag\\\/tavlingsvillkor\\\/\"]}]},{\"@type\":\"BreadcrumbList\",\"@id\":\"https:\\\/\\\/www.hemmakvall.se\\\/foretag\\\/tavlingsvillkor\\\/#breadcrumb\",\"itemListElement\":[{\"@type\":\"ListItem\",\"position\":1,\"name\":\"Hem\",\"item\":\"https:\\\/\\\/www.hemmakvall.se\\\/foretag\\\/\"},{\"@type\":\"ListItem\",\"position\":2,\"name\":\"T\u00e4vlingsvillkor\"}]},{\"@type\":\"WebSite\",\"@id\":\"https:\\\/\\\/www.hemmakvall.se\\\/foretag\\\/#website\",\"url\":\"https:\\\/\\\/www.hemmakvall.se\\\/foretag\\\/\",\"name\":\"Hemmakv\u00e4ll - F\u00f6retag\",\"description\":\"\",\"publisher\":{\"@id\":\"https:\\\/\\\/www.hemmakvall.se\\\/foretag\\\/#organization\"},\"potentialAction\":[{\"@type\":\"SearchAction\",\"target\":{\"@type\":\"EntryPoint\",\"urlTemplate\":\"https:\\\/\\\/www.hemmakvall.se\\\/foretag\\\/?s={search_term_string}\"},\"query-input\":{\"@type\":\"PropertyValueSpecification\",\"valueRequired\":true,\"valueName\":\"search_term_string\"}}],\"inLanguage\":\"sv-SE\"},{\"@type\":\"Organization\",\"@id\":\"https:\\\/\\\/www.hemmakvall.se\\\/foretag\\\/#organization\",\"name\":\"Hemmakv\u00e4ll - F\u00f6retag\",\"url\":\"https:\\\/\\\/www.hemmakvall.se\\\/foretag\\\/\",\"logo\":{\"@type\":\"ImageObject\",\"inLanguage\":\"sv-SE\",\"@id\":\"https:\\\/\\\/www.hemmakvall.se\\\/foretag\\\/#\\\/schema\\\/logo\\\/image\\\/\",\"url\":\"https:\\\/\\\/www.hemmakvall.se\\\/foretag\\\/wp-content\\\/uploads\\\/sites\\\/2\\\/2023\\\/12\\\/hemmakvall-logo-1200.png\",\"contentUrl\":\"https:\\\/\\\/www.hemmakvall.se\\\/foretag\\\/wp-content\\\/uploads\\\/sites\\\/2\\\/2023\\\/12\\\/hemmakvall-logo-1200.png\",\"width\":1201,\"height\":261,\"caption\":\"Hemmakv\u00e4ll - F\u00f6retag\"},\"image\":{\"@id\":\"https:\\\/\\\/www.hemmakvall.se\\\/foretag\\\/#\\\/schema\\\/logo\\\/image\\\/\"}}]}<\/script>\n<!-- \/ Yoast SEO plugin. -->","yoast_head_json":{"title":"T\u00e4vlingsvillkor - Hemmakv\u00e4ll - F\u00f6retag","robots":{"index":"index","follow":"follow","max-snippet":"max-snippet:-1","max-image-preview":"max-image-preview:large","max-video-preview":"max-video-preview:-1"},"canonical":"https:\/\/www.hemmakvall.se\/foretag\/tavlingsvillkor\/","og_locale":"sv_SE","og_type":"article","og_title":"T\u00e4vlingsvillkor - Hemmakv\u00e4ll - F\u00f6retag","og_url":"https:\/\/www.hemmakvall.se\/foretag\/tavlingsvillkor\/","og_site_name":"Hemmakv\u00e4ll - F\u00f6retag","article_modified_time":"2025-04-04T07:14:24+00:00","og_image":[{"width":1200,"height":1200,"url":"https:\/\/www.hemmakvall.se\/foretag\/wp-content\/uploads\/sites\/2\/2023\/12\/sektion_21_square.jpg","type":"image\/jpeg"}],"twitter_card":"summary_large_image","twitter_misc":{"Ber\u00e4knad l\u00e4stid":"2 minuter"},"schema":{"@context":"https:\/\/schema.org","@graph":[{"@type":"WebPage","@id":"https:\/\/www.hemmakvall.se\/foretag\/tavlingsvillkor\/","url":"https:\/\/www.hemmakvall.se\/foretag\/tavlingsvillkor\/","name":"T\u00e4vlingsvillkor - Hemmakv\u00e4ll - F\u00f6retag","isPartOf":{"@id":"https:\/\/www.hemmakvall.se\/foretag\/#website"},"datePublished":"2024-05-07T08:43:15+00:00","dateModified":"2025-04-04T07:14:24+00:00","breadcrumb":{"@id":"https:\/\/www.hemmakvall.se\/foretag\/tavlingsvillkor\/#breadcrumb"},"inLanguage":"sv-SE","potentialAction":[{"@type":"ReadAction","target":["https:\/\/www.hemmakvall.se\/foretag\/tavlingsvillkor\/"]}]},{"@type":"BreadcrumbList","@id":"https:\/\/www.hemmakvall.se\/foretag\/tavlingsvillkor\/#breadcrumb","itemListElement":[{"@type":"ListItem","position":1,"name":"Hem","item":"https:\/\/www.hemmakvall.se\/foretag\/"},{"@type":"ListItem","position":2,"name":"T\u00e4vlingsvillkor"}]},{"@type":"WebSite","@id":"https:\/\/www.hemmakvall.se\/foretag\/#website","url":"https:\/\/www.hemmakvall.se\/foretag\/","name":"Hemmakv\u00e4ll - F\u00f6retag","description":"","publisher":{"@id":"https:\/\/www.hemmakvall.se\/foretag\/#organization"},"potentialAction":[{"@type":"SearchAction","target":{"@type":"EntryPoint","urlTemplate":"https:\/\/www.hemmakvall.se\/foretag\/?s={search_term_string}"},"query-input":{"@type":"PropertyValueSpecification","valueRequired":true,"valueName":"search_term_string"}}],"inLanguage":"sv-SE"},{"@type":"Organization","@id":"https:\/\/www.hemmakvall.se\/foretag\/#organization","name":"Hemmakv\u00e4ll - F\u00f6retag","url":"https:\/\/www.hemmakvall.se\/foretag\/","logo":{"@type":"ImageObject","inLanguage":"sv-SE","@id":"https:\/\/www.hemmakvall.se\/foretag\/#\/schema\/logo\/image\/","url":"https:\/\/www.hemmakvall.se\/foretag\/wp-content\/uploads\/sites\/2\/2023\/12\/hemmakvall-logo-1200.png","contentUrl":"https:\/\/www.hemmakvall.se\/foretag\/wp-content\/uploads\/sites\/2\/2023\/12\/hemmakvall-logo-1200.png","width":1201,"height":261,"caption":"Hemmakv\u00e4ll - F\u00f6retag"},"image":{"@id":"https:\/\/www.hemmakvall.se\/foretag\/#\/schema\/logo\/image\/"}}]}},"_links":{"self":[{"href":"https:\/\/www.hemmakvall.se\/foretag\/wp-json\/wp\/v2\/pages\/1813","targetHints":{"allow":["GET"]}}],"collection":[{"href":"https:\/\/www.hemmakvall.se\/foretag\/wp-json\/wp\/v2\/pages"}],"about":[{"href":"https:\/\/www.hemmakvall.se\/foretag\/wp-json\/wp\/v2\/types\/page"}],"author":[{"embeddable":true,"href":"https:\/\/www.hemmakvall.se\/foretag\/wp-json\/wp\/v2\/users\/1"}],"replies":[{"embeddable":true,"href":"https:\/\/www.hemmakvall.se\/foretag\/wp-json\/wp\/v2\/comments?post=1813"}],"version-history":[{"count":8,"href":"https:\/\/www.hemmakvall.se\/foretag\/wp-json\/wp\/v2\/pages\/1813\/revisions"}],"predecessor-version":[{"id":2608,"href":"https:\/\/www.hemmakvall.se\/foretag\/wp-json\/wp\/v2\/pages\/1813\/revisions\/2608"}],"wp:attachment":[{"href":"https:\/\/www.hemmakvall.se\/foretag\/wp-json\/wp\/v2\/media?parent=1813"}],"curies":[{"name":"wp","href":"https:\/\/api.w.org\/{rel}","templated":true}]}}