{"id":19,"date":"2023-11-07T14:09:57","date_gmt":"2023-11-07T13:09:57","guid":{"rendered":"https:\/\/www.hemmakvall.se\/foretag\/?page_id=19"},"modified":"2024-07-26T09:22:06","modified_gmt":"2024-07-26T07:22:06","slug":"bli-franchisetagare","status":"publish","type":"page","link":"https:\/\/www.hemmakvall.se\/foretag\/bli-franchisetagare\/","title":{"rendered":"Bli Franchisetagare"},"content":{"rendered":"\n\n  <div class=\"banner has-hover stripe turkos\" id=\"banner-222545467\">\n          <div class=\"banner-inner fill\">\n        <div class=\"banner-bg fill\" >\n                                                \n                    <\/div>\n\t\t\n        <div class=\"banner-layers container\">\n            <div class=\"fill banner-link\"><\/div>            \n\n   <div id=\"text-box-157105097\" class=\"text-box banner-layer x50 md-x50 lg-x50 y30 md-y50 lg-y50 res-text\">\n                                <div class=\"text-box-content text dark\">\n              \n              <div class=\"text-inner text-center\">\n                  \n\n<h1>BLI FRANCHISETAGARE<\/h1>\n\n              <\/div>\n           <\/div>\n                            \n<style>\n#text-box-157105097 {\n  width: 100%;\n}\n#text-box-157105097 .text-box-content {\n  font-size: 100%;\n}\n@media (min-width:550px) {\n  #text-box-157105097 {\n    width: 68%;\n  }\n}\n<\/style>\n    <\/div>\n \n\n        <\/div>\n      <\/div>\n\n            \n<style>\n#banner-222545467 {\n  padding-top: 235px;\n}\n<\/style>\n  <\/div>\n\n\n\n\t<section class=\"section\" id=\"section_2085141786\">\n\t\t<div class=\"section-bg fill\" >\n\t\t\t\t\t\t\t\t\t\n\t\t\t\n\n\t\t<\/div>\n\n\t\t\n\n\t\t<div class=\"section-content relative\">\n\t\t\t\n\n<div class=\"row\"  id=\"row-453785041\">\n\n\n\t<div id=\"col-390611941\" class=\"col medium-6 small-12 large-6\"  >\n\t\t\t\t<div class=\"col-inner\"  >\n\t\t\t\n\t\t\t\n\n<h2>Vill du driva din egen butik?<\/h2>\n<p>Som Sveriges stoltaste leverant\u00f6r av hemmakv\u00e4llar s\u00f6ker vi st\u00e4ndigt nya franchisetagare som vill \u00e4ga och driva sin egen Hemmakv\u00e4llbutik. Hemmakv\u00e4ll har cirka 70 butiker \u00f6ver hela Sverige. Som franchisetagare f\u00e5r du inte bara m\u00f6jligheten att utveckla Hemmakv\u00e4ll som varum\u00e4rke, utan ocks\u00e5 bli en del av v\u00e5r gemenskap d\u00e4r vi st\u00f6ttar varandra och l\u00e4r oss nya saker varje dag.<br \/><br \/>Som franchisetagare f\u00e5r du tillg\u00e5ng till v\u00e5rt unika koncept f\u00f6r att kunna driva en l\u00f6nsam verksamhet. Vi hj\u00e4lper dig med uppstart, leverant\u00f6rsavtal, projektledning, aff\u00e4rssystem, marknadsf\u00f6ring och l\u00f6pande support. Vi hj\u00e4lper dig \u00e4ven att hitta en passande lokal, och kanske har du redan hittat en \u2013 perfekt!<br \/><br \/>Som franchisetagare hos Hemmakv\u00e4ll driver du ditt eget f\u00f6retag, ansvarar f\u00f6r dina anst\u00e4llda och st\u00e5r f\u00f6r investeringar, som att bygga om en lokal eller ta \u00f6ver en befintlig butik.<\/p>\n\n\t\t<\/div>\n\t\t\t\t\t<\/div>\n\n\t\n\n\t<div id=\"col-1070712658\" class=\"col medium-6 small-12 large-6\"  >\n\t\t\t\t<div class=\"col-inner\"  >\n\t\t\t\n\t\t\t\n\n\t<div class=\"img has-hover x md-x lg-x y md-y lg-y\" id=\"image_638781905\">\n\t\t\t\t\t\t\t\t<div class=\"img-inner dark\" >\n\t\t\t<img loading=\"lazy\" decoding=\"async\" width=\"2001\" height=\"1463\" src=\"https:\/\/www.hemmakvall.se\/foretag\/wp-content\/uploads\/sites\/2\/2023\/12\/Losgodis_2_v02.png\" class=\"attachment-original size-original\" alt=\"\" srcset=\"https:\/\/www.hemmakvall.se\/foretag\/wp-content\/uploads\/sites\/2\/2023\/12\/Losgodis_2_v02.png 2001w, https:\/\/www.hemmakvall.se\/foretag\/wp-content\/uploads\/sites\/2\/2023\/12\/Losgodis_2_v02-300x219.png 300w, https:\/\/www.hemmakvall.se\/foretag\/wp-content\/uploads\/sites\/2\/2023\/12\/Losgodis_2_v02-1024x749.png 1024w, https:\/\/www.hemmakvall.se\/foretag\/wp-content\/uploads\/sites\/2\/2023\/12\/Losgodis_2_v02-768x562.png 768w, https:\/\/www.hemmakvall.se\/foretag\/wp-content\/uploads\/sites\/2\/2023\/12\/Losgodis_2_v02-1536x1123.png 1536w, https:\/\/www.hemmakvall.se\/foretag\/wp-content\/uploads\/sites\/2\/2023\/12\/Losgodis_2_v02-600x439.png 600w\" sizes=\"auto, (max-width: 2001px) 100vw, 2001px\" \/>\t\t\t\t\t\t\n\t\t\t\t\t<\/div>\n\t\t\t\t\t\t\t\t\n<style>\n#image_638781905 {\n  width: 100%;\n}\n<\/style>\n\t<\/div>\n\t\n\n\n\t\t<\/div>\n\t\t\t\t\t<\/div>\n\n\t\n\n\t<div id=\"col-1042291405\" class=\"col medium-6 small-12 large-6\"  >\n\t\t\t\t<div class=\"col-inner\"  >\n\t\t\t\n\t\t\t\n\n<h3>Vi s\u00f6ker dig som:<\/h3>\n<ul>\n<li>\u00c4r driven<\/li>\n<li>Har goda ledaregenskaper<\/li>\n<li>Brinner f\u00f6r service<\/li>\n<li>Har grundl\u00e4ggande ekonomikunskaper<\/li>\n<li>Har startkapital och en ordnad ekonomi<\/li>\n<li>\u00c4lskar godis lika mycket som vi g\u00f6r!<\/li>\n<\/ul>\n\n\t\t<\/div>\n\t\t\t\t\t<\/div>\n\n\t\n\n\t<div id=\"col-1864924902\" class=\"col medium-6 small-12 large-6\"  >\n\t\t\t\t<div class=\"col-inner\"  >\n\t\t\t\n\t\t\t\n\n<h3>\u00c4r du redo att ta n\u00e4sta steg?<\/h3>\n<p>Fyll i formul\u00e4ret nedan f\u00f6r att g\u00f6ra en intresseanm\u00e4lan, vi h\u00f6r av oss om hur vi g\u00e5r vidare tillsammans.<\/p>\n\n\n\n<div class=\"frm_forms  with_frm_style frm_style_formidables-stilmall\" id=\"frm_form_2_container\" >\n<form enctype=\"multipart\/form-data\" method=\"post\" class=\"frm-show-form \" id=\"form_contact-form2\" >\n<div class=\"frm_form_fields \">\n<fieldset>\n<legend class=\"frm_screen_reader\">Bli franchisetagare<\/legend>\r\n\r\n<div class=\"frm_fields_container\">\n<input type=\"hidden\" name=\"frm_action\" value=\"create\" \/>\n<input type=\"hidden\" name=\"form_id\" value=\"2\" \/>\n<input type=\"hidden\" name=\"frm_hide_fields_2\" id=\"frm_hide_fields_2\" value=\"\" \/>\n<input type=\"hidden\" name=\"form_key\" value=\"contact-form2\" \/>\n<input type=\"hidden\" name=\"item_meta[0]\" value=\"\" \/>\n<input type=\"hidden\" id=\"frm_submit_entry_2\" name=\"frm_submit_entry_2\" value=\"4c19884882\" \/><input type=\"hidden\" name=\"_wp_http_referer\" value=\"\/foretag\/wp-json\/wp\/v2\/pages\/19\" \/><div id=\"frm_field_7_container\" class=\"frm_form_field form-field  frm_required_field frm_top_container frm12 frm_first\">\r\n    <label for=\"field_qh4icy2\" id=\"field_qh4icy2_label\" class=\"frm_primary_label\">\r\n        <span class=\"frm_required\" aria-hidden=\"true\">*<\/span>\r\n    <\/label>\r\n    <input type=\"text\" id=\"field_qh4icy2\" name=\"item_meta[7]\" value=\"\"  placeholder=\"Ditt namn\" data-reqmsg=\"Detta f\u00e4lt kan inte vara tomt.\" aria-required=\"true\" data-invmsg=\"Name \u00e4r ogiltigt\" aria-invalid=\"false\"  \/>\r\n    \r\n    \r\n<\/div>\n<div id=\"frm_field_8_container\" class=\"frm_form_field form-field  frm_required_field frm_top_container frm_full\">\r\n    <label for=\"field_29yf4d2\" id=\"field_29yf4d2_label\" class=\"frm_primary_label\">\r\n        <span class=\"frm_required\" aria-hidden=\"true\">*<\/span>\r\n    <\/label>\r\n    <input type=\"email\" id=\"field_29yf4d2\" name=\"item_meta[8]\" value=\"\"  placeholder=\"Din e-postadress\" data-reqmsg=\"Detta f\u00e4lt kan inte vara tomt.\" aria-required=\"true\" data-invmsg=\"Please enter a valid email address\" aria-invalid=\"false\"  \/>\r\n    \r\n    \r\n<\/div>\n<div id=\"frm_field_9_container\" class=\"frm_form_field form-field  frm_required_field frm_top_container\">\r\n    <label for=\"field_75y2h2\" id=\"field_75y2h2_label\" class=\"frm_primary_label\">\r\n        <span class=\"frm_required\" aria-hidden=\"true\">*<\/span>\r\n    <\/label>\r\n    <input type=\"tel\" id=\"field_75y2h2\" name=\"item_meta[9]\" value=\"\"  placeholder=\"Ditt telefonnummer\" data-reqmsg=\"Detta f\u00e4lt kan inte vara tomt.\" aria-required=\"true\" data-invmsg=\"Telefon \u00e4r ogiltigt\" aria-invalid=\"false\" pattern=\"((\\+\\d{1,3}(-|.| )?\\(?\\d\\)?(-| |.)?\\d{1,5})|(\\(?\\d{2,6}\\)?))(-|.| )?(\\d{3,4})(-|.| )?(\\d{4})(( x| ext)\\d{1,5}){0,1}$\"  \/>\r\n    \r\n    \r\n<\/div>\n<div id=\"frm_field_11_container\" class=\"frm_form_field form-field  frm_required_field frm_top_container frm_full\">\r\n    <label for=\"field_9jv0r12\" id=\"field_9jv0r12_label\" class=\"frm_primary_label\">\r\n        <span class=\"frm_required\" aria-hidden=\"true\">*<\/span>\r\n    <\/label>\r\n    <textarea name=\"item_meta[11]\" id=\"field_9jv0r12\" rows=\"5\"  placeholder=\"I vilken stad skulle du vilja \u00f6ppna en butik i?\" data-reqmsg=\"Detta f\u00e4lt kan inte vara tomt.\" aria-required=\"true\" data-invmsg=\"Detta f\u00e4lt \u00e4r ogiltigt\" aria-invalid=\"false\"  ><\/textarea>\r\n    \r\n    \r\n<\/div>\n<div id=\"frm_field_12_container\" class=\"frm_form_field form-field  frm_none_container\">\n    <label for=\"g-recaptcha-response\" id=\"field_9dws4_label\" class=\"frm_primary_label\">\n        <span class=\"frm_required\" aria-hidden=\"true\"><\/span>\n    <\/label>\n    <div  id=\"field_9dws4\" class=\"frm-g-recaptcha\" data-sitekey=\"6Levg0wpAAAAAI8W6V7F1VXJd5XZL3_dJwX1o4pg\" data-size=\"normal\" data-theme=\"light\"><\/div>\n    \n    \n<\/div>\n\t<input type=\"hidden\" name=\"item_key\" value=\"\" \/>\n\t\t\t<div id=\"frm_field_15_container\">\n\t\t\t<label for=\"field_acij7\" >\n\t\t\t\tOm du \u00e4r m\u00e4nsklig, l\u00e4mna det h\u00e4r f\u00e4ltet tomt.\t\t\t<\/label>\n\t\t\t<input  id=\"field_acij7\" type=\"text\" class=\"frm_form_field form-field frm_verify\" name=\"item_meta[15]\" value=\"\"  \/>\n\t\t<\/div>\n\t\t<input name=\"frm_state\" type=\"hidden\" value=\"JOSA4rhYODTTf7t0F84BGQSQbmWbRU91\/dzGpkeLd\/k=\" \/><div class=\"frm_submit\">\r\n\r\n<button class=\"frm_button_submit\" type=\"submit\"  >Skicka<\/button>\r\n\r\n\r\n<\/div><\/div>\n<\/fieldset>\n<\/div>\n\n<\/form>\n<\/div>\n\n\n\n\t\t<\/div>\n\t\t\t\t\t<\/div>\n\n\t\n\n<\/div>\n\n\t\t<\/div>\n\n\t\t\n<style>\n#section_2085141786 {\n  padding-top: 30px;\n  padding-bottom: 30px;\n}\n<\/style>\n\t<\/section>\n\t\n\n","protected":false},"excerpt":{"rendered":"","protected":false},"author":1,"featured_media":0,"parent":0,"menu_order":0,"comment_status":"closed","ping_status":"closed","template":"page-blank.php","meta":{"_acf_changed":false,"footnotes":""},"class_list":["post-19","page","type-page","status-publish","hentry"],"acf":[],"yoast_head":"<!-- This site is optimized with the Yoast SEO plugin v27.4 - https:\/\/yoast.com\/product\/yoast-seo-wordpress\/ -->\n<title>Bli Franchisetagare - Hemmakv\u00e4ll - F\u00f6retag<\/title>\n<meta name=\"robots\" content=\"index, follow, max-snippet:-1, max-image-preview:large, max-video-preview:-1\" \/>\n<link rel=\"canonical\" href=\"https:\/\/www.hemmakvall.se\/foretag\/bli-franchisetagare\/\" \/>\n<meta property=\"og:locale\" content=\"sv_SE\" \/>\n<meta property=\"og:type\" content=\"article\" \/>\n<meta property=\"og:title\" content=\"Bli Franchisetagare - Hemmakv\u00e4ll - F\u00f6retag\" \/>\n<meta property=\"og:url\" content=\"https:\/\/www.hemmakvall.se\/foretag\/bli-franchisetagare\/\" \/>\n<meta property=\"og:site_name\" content=\"Hemmakv\u00e4ll - F\u00f6retag\" \/>\n<meta property=\"article:modified_time\" content=\"2024-07-26T07:22:06+00:00\" \/>\n<meta property=\"og:image\" content=\"https:\/\/www.hemmakvall.se\/foretag\/wp-content\/uploads\/sites\/2\/2023\/12\/sektion_21_square.jpg\" \/>\n\t<meta property=\"og:image:width\" content=\"1200\" \/>\n\t<meta property=\"og:image:height\" content=\"1200\" \/>\n\t<meta property=\"og:image:type\" content=\"image\/jpeg\" \/>\n<meta name=\"twitter:card\" content=\"summary_large_image\" \/>\n<meta name=\"twitter:label1\" content=\"Ber\u00e4knad l\u00e4stid\" \/>\n\t<meta name=\"twitter:data1\" content=\"2 minuter\" \/>\n<script type=\"application\/ld+json\" class=\"yoast-schema-graph\">{\"@context\":\"https:\\\/\\\/schema.org\",\"@graph\":[{\"@type\":\"WebPage\",\"@id\":\"https:\\\/\\\/www.hemmakvall.se\\\/foretag\\\/bli-franchisetagare\\\/\",\"url\":\"https:\\\/\\\/www.hemmakvall.se\\\/foretag\\\/bli-franchisetagare\\\/\",\"name\":\"Bli Franchisetagare - Hemmakv\u00e4ll - F\u00f6retag\",\"isPartOf\":{\"@id\":\"https:\\\/\\\/www.hemmakvall.se\\\/foretag\\\/#website\"},\"datePublished\":\"2023-11-07T13:09:57+00:00\",\"dateModified\":\"2024-07-26T07:22:06+00:00\",\"breadcrumb\":{\"@id\":\"https:\\\/\\\/www.hemmakvall.se\\\/foretag\\\/bli-franchisetagare\\\/#breadcrumb\"},\"inLanguage\":\"sv-SE\",\"potentialAction\":[{\"@type\":\"ReadAction\",\"target\":[\"https:\\\/\\\/www.hemmakvall.se\\\/foretag\\\/bli-franchisetagare\\\/\"]}]},{\"@type\":\"BreadcrumbList\",\"@id\":\"https:\\\/\\\/www.hemmakvall.se\\\/foretag\\\/bli-franchisetagare\\\/#breadcrumb\",\"itemListElement\":[{\"@type\":\"ListItem\",\"position\":1,\"name\":\"Hem\",\"item\":\"https:\\\/\\\/www.hemmakvall.se\\\/foretag\\\/\"},{\"@type\":\"ListItem\",\"position\":2,\"name\":\"Bli Franchisetagare\"}]},{\"@type\":\"WebSite\",\"@id\":\"https:\\\/\\\/www.hemmakvall.se\\\/foretag\\\/#website\",\"url\":\"https:\\\/\\\/www.hemmakvall.se\\\/foretag\\\/\",\"name\":\"Hemmakv\u00e4ll - F\u00f6retag\",\"description\":\"\",\"publisher\":{\"@id\":\"https:\\\/\\\/www.hemmakvall.se\\\/foretag\\\/#organization\"},\"potentialAction\":[{\"@type\":\"SearchAction\",\"target\":{\"@type\":\"EntryPoint\",\"urlTemplate\":\"https:\\\/\\\/www.hemmakvall.se\\\/foretag\\\/?s={search_term_string}\"},\"query-input\":{\"@type\":\"PropertyValueSpecification\",\"valueRequired\":true,\"valueName\":\"search_term_string\"}}],\"inLanguage\":\"sv-SE\"},{\"@type\":\"Organization\",\"@id\":\"https:\\\/\\\/www.hemmakvall.se\\\/foretag\\\/#organization\",\"name\":\"Hemmakv\u00e4ll - F\u00f6retag\",\"url\":\"https:\\\/\\\/www.hemmakvall.se\\\/foretag\\\/\",\"logo\":{\"@type\":\"ImageObject\",\"inLanguage\":\"sv-SE\",\"@id\":\"https:\\\/\\\/www.hemmakvall.se\\\/foretag\\\/#\\\/schema\\\/logo\\\/image\\\/\",\"url\":\"https:\\\/\\\/www.hemmakvall.se\\\/foretag\\\/wp-content\\\/uploads\\\/sites\\\/2\\\/2023\\\/12\\\/hemmakvall-logo-1200.png\",\"contentUrl\":\"https:\\\/\\\/www.hemmakvall.se\\\/foretag\\\/wp-content\\\/uploads\\\/sites\\\/2\\\/2023\\\/12\\\/hemmakvall-logo-1200.png\",\"width\":1201,\"height\":261,\"caption\":\"Hemmakv\u00e4ll - F\u00f6retag\"},\"image\":{\"@id\":\"https:\\\/\\\/www.hemmakvall.se\\\/foretag\\\/#\\\/schema\\\/logo\\\/image\\\/\"}}]}<\/script>\n<!-- \/ Yoast SEO plugin. -->","yoast_head_json":{"title":"Bli Franchisetagare - Hemmakv\u00e4ll - F\u00f6retag","robots":{"index":"index","follow":"follow","max-snippet":"max-snippet:-1","max-image-preview":"max-image-preview:large","max-video-preview":"max-video-preview:-1"},"canonical":"https:\/\/www.hemmakvall.se\/foretag\/bli-franchisetagare\/","og_locale":"sv_SE","og_type":"article","og_title":"Bli Franchisetagare - Hemmakv\u00e4ll - F\u00f6retag","og_url":"https:\/\/www.hemmakvall.se\/foretag\/bli-franchisetagare\/","og_site_name":"Hemmakv\u00e4ll - F\u00f6retag","article_modified_time":"2024-07-26T07:22:06+00:00","og_image":[{"width":1200,"height":1200,"url":"https:\/\/www.hemmakvall.se\/foretag\/wp-content\/uploads\/sites\/2\/2023\/12\/sektion_21_square.jpg","type":"image\/jpeg"}],"twitter_card":"summary_large_image","twitter_misc":{"Ber\u00e4knad l\u00e4stid":"2 minuter"},"schema":{"@context":"https:\/\/schema.org","@graph":[{"@type":"WebPage","@id":"https:\/\/www.hemmakvall.se\/foretag\/bli-franchisetagare\/","url":"https:\/\/www.hemmakvall.se\/foretag\/bli-franchisetagare\/","name":"Bli Franchisetagare - Hemmakv\u00e4ll - F\u00f6retag","isPartOf":{"@id":"https:\/\/www.hemmakvall.se\/foretag\/#website"},"datePublished":"2023-11-07T13:09:57+00:00","dateModified":"2024-07-26T07:22:06+00:00","breadcrumb":{"@id":"https:\/\/www.hemmakvall.se\/foretag\/bli-franchisetagare\/#breadcrumb"},"inLanguage":"sv-SE","potentialAction":[{"@type":"ReadAction","target":["https:\/\/www.hemmakvall.se\/foretag\/bli-franchisetagare\/"]}]},{"@type":"BreadcrumbList","@id":"https:\/\/www.hemmakvall.se\/foretag\/bli-franchisetagare\/#breadcrumb","itemListElement":[{"@type":"ListItem","position":1,"name":"Hem","item":"https:\/\/www.hemmakvall.se\/foretag\/"},{"@type":"ListItem","position":2,"name":"Bli Franchisetagare"}]},{"@type":"WebSite","@id":"https:\/\/www.hemmakvall.se\/foretag\/#website","url":"https:\/\/www.hemmakvall.se\/foretag\/","name":"Hemmakv\u00e4ll - F\u00f6retag","description":"","publisher":{"@id":"https:\/\/www.hemmakvall.se\/foretag\/#organization"},"potentialAction":[{"@type":"SearchAction","target":{"@type":"EntryPoint","urlTemplate":"https:\/\/www.hemmakvall.se\/foretag\/?s={search_term_string}"},"query-input":{"@type":"PropertyValueSpecification","valueRequired":true,"valueName":"search_term_string"}}],"inLanguage":"sv-SE"},{"@type":"Organization","@id":"https:\/\/www.hemmakvall.se\/foretag\/#organization","name":"Hemmakv\u00e4ll - F\u00f6retag","url":"https:\/\/www.hemmakvall.se\/foretag\/","logo":{"@type":"ImageObject","inLanguage":"sv-SE","@id":"https:\/\/www.hemmakvall.se\/foretag\/#\/schema\/logo\/image\/","url":"https:\/\/www.hemmakvall.se\/foretag\/wp-content\/uploads\/sites\/2\/2023\/12\/hemmakvall-logo-1200.png","contentUrl":"https:\/\/www.hemmakvall.se\/foretag\/wp-content\/uploads\/sites\/2\/2023\/12\/hemmakvall-logo-1200.png","width":1201,"height":261,"caption":"Hemmakv\u00e4ll - F\u00f6retag"},"image":{"@id":"https:\/\/www.hemmakvall.se\/foretag\/#\/schema\/logo\/image\/"}}]}},"_links":{"self":[{"href":"https:\/\/www.hemmakvall.se\/foretag\/wp-json\/wp\/v2\/pages\/19","targetHints":{"allow":["GET"]}}],"collection":[{"href":"https:\/\/www.hemmakvall.se\/foretag\/wp-json\/wp\/v2\/pages"}],"about":[{"href":"https:\/\/www.hemmakvall.se\/foretag\/wp-json\/wp\/v2\/types\/page"}],"author":[{"embeddable":true,"href":"https:\/\/www.hemmakvall.se\/foretag\/wp-json\/wp\/v2\/users\/1"}],"replies":[{"embeddable":true,"href":"https:\/\/www.hemmakvall.se\/foretag\/wp-json\/wp\/v2\/comments?post=19"}],"version-history":[{"count":8,"href":"https:\/\/www.hemmakvall.se\/foretag\/wp-json\/wp\/v2\/pages\/19\/revisions"}],"predecessor-version":[{"id":1994,"href":"https:\/\/www.hemmakvall.se\/foretag\/wp-json\/wp\/v2\/pages\/19\/revisions\/1994"}],"wp:attachment":[{"href":"https:\/\/www.hemmakvall.se\/foretag\/wp-json\/wp\/v2\/media?parent=19"}],"curies":[{"name":"wp","href":"https:\/\/api.w.org\/{rel}","templated":true}]}}