{"id":128,"date":"2023-10-18T08:00:37","date_gmt":"2023-10-18T08:00:37","guid":{"rendered":"https:\/\/www.hemmakvall.se\/?page_id=128"},"modified":"2025-03-31T08:27:13","modified_gmt":"2025-03-31T06:27:13","slug":"bestall-produkter","status":"publish","type":"page","link":"https:\/\/www.hemmakvall.se\/portal\/bestall-produkter\/","title":{"rendered":"Best\u00e4ll produkter"},"content":{"rendered":"\n\n  <div class=\"banner has-hover stripe yellow\" id=\"banner-524821181\">\n          <div class=\"banner-inner fill\">\n        <div class=\"banner-bg fill\" >\n                                                \n                    <\/div>\n\t\t\n\t<div class=\"ux-shape-divider ux-shape-divider--bottom ux-shape-divider--style-curve\">\n\t\t<svg viewBox=\"0 0 1000 100\" xmlns=\"http:\/\/www.w3.org\/2000\/svg\" preserveAspectRatio=\"none\">\n\t<path class=\"ux-shape-fill\" d=\"M0 0C0 0 200 50 500 50C800 50 1000 0 1000 0V101H0V1V0Z\"\/>\n<\/svg>\n\t<\/div>\n        <div class=\"banner-layers container\">\n            <div class=\"fill banner-link\"><\/div>            \n\n   <div id=\"text-box-851270864\" class=\"text-box banner-layer x50 md-x50 lg-x50 y50 md-y50 lg-y50 res-text\">\n                                <div class=\"text-box-content text dark\">\n              \n              <div class=\"text-inner text-center\">\n                  \n\n\t<div id=\"text-3488029140\" class=\"text hero_undertext\">\n\t\t\n\n<h1 class=\"uppercase\"><strong>L\u00e4gg eran best\u00e4llning!<\/strong><\/h1>\n<p>N\u00e4r ni samlat in era best\u00e4llningslistor, fyll i f\u00e4lten nedan f\u00f6r att<br \/>ange hur m\u00e5nga av varje produkt ni \u00f6nskar best\u00e4lla.<\/p>\n\t\t\n<style>\n#text-3488029140 {\n  color: rgb(255,255,255);\n}\n#text-3488029140 > * {\n  color: rgb(255,255,255);\n}\n<\/style>\n\t<\/div>\n\t\n\n              <\/div>\n           <\/div>\n                            \n<style>\n#text-box-851270864 {\n  width: 92%;\n}\n#text-box-851270864 .text-box-content {\n  font-size: 100%;\n}\n@media (min-width:550px) {\n  #text-box-851270864 {\n    width: 95%;\n  }\n}\n<\/style>\n    <\/div>\n \n\n        <\/div>\n      <\/div>\n\n            \n<style>\n#banner-524821181 {\n  padding-top: 582px;\n}\n#banner-524821181 .ux-shape-divider--bottom svg {\n  height: 96px;\n  --divider-width: 137%;\n}\n@media (min-width:550px) {\n  #banner-524821181 {\n    padding-top: 500px;\n  }\n  #banner-524821181 .ux-shape-divider--bottom svg {\n    height: 150px;\n    --divider-width: 139%;\n  }\n}\n<\/style>\n  <\/div>\n\n\n\n\t<section class=\"section\" id=\"section_34028079\">\n\t\t<div class=\"section-bg fill\" >\n\t\t\t\t\t\t\t\t\t\n\t\t\t\n\n\t\t<\/div>\n\n\t\t\n\n\t\t<div class=\"section-content relative\">\n\t\t\t\n\n<div class=\"row\"  id=\"row-1589120531\">\n\n\n\t<div id=\"col-976444407\" class=\"col small-12 large-12\"  >\n\t\t\t\t<div class=\"col-inner\"  >\n\t\t\t\n\t\t\t\n\n\t<div id=\"text-2013374680\" class=\"text\">\n\t\t\n\n<h2>1. SAMMANST\u00c4LL ERAN BEST\u00c4LLNING<\/h2>\n\t\t\n<style>\n#text-2013374680 {\n  text-align: center;\n}\n<\/style>\n\t<\/div>\n\t\n\n\t\t<\/div>\n\t\t\t\t\t<\/div>\n\n\t\n\n<\/div>\n<div class=\"row align-center\"  id=\"row-1855147735\">\n\n\n\t<div id=\"col-1204290871\" class=\"col small-12 large-12\"  >\n\t\t\t\t<div class=\"col-inner\"  >\n\t\t\t\n\t\t\t\n\n\t\n  \n    <div class=\"row  equalize-box large-columns-4 medium-columns-3 small-columns-1 row-small\" >\n  <\/div>\n\n\n\t\t<\/div>\n\t\t\t\t\t<\/div>\n\n\t\n\n<\/div>\n\t<div id=\"gap-1860511400\" class=\"gap-element clearfix\" style=\"display:block; height:auto;\">\n\t\t\n<style>\n#gap-1860511400 {\n  padding-top: 60px;\n}\n<\/style>\n\t<\/div>\n\t\n\n\t<div id=\"text-2666025471\" class=\"text\">\n\t\t\n\n<h2>2. FORTS\u00c4TT TILL KASSAN OCH FYLL I ERA UPPGIFTER<\/h2>\n\t\t\n<style>\n#text-2666025471 {\n  text-align: center;\n}\n<\/style>\n\t<\/div>\n\t\n\t<div id=\"gap-1948530037\" class=\"gap-element clearfix\" style=\"display:block; height:auto;\">\n\t\t\n<style>\n#gap-1948530037 {\n  padding-top: 30px;\n}\n<\/style>\n\t<\/div>\n\t\n\n<div class=\"row align-center\"  id=\"row-155503364\">\n\n\n\t<div id=\"col-2038268961\" class=\"col medium-4 small-12 large-4\"  >\n\t\t\t\t<div class=\"col-inner text-center\"  >\n\t\t\t\n\t\t\t\n\n<a href=\"https:\/\/www.hemmakvall.se\/forening\/kassan\/\" class=\"button primary\" >\n\t\t<span>Till kassan<\/span>\n\t<\/a>\n\n\n\n\t\t<\/div>\n\t\t\t\t\t<\/div>\n\n\t\n\n<\/div>\n<div class=\"row row-full-width align-bottom align-right\"  id=\"row-2049896421\">\n\n\n\t<div id=\"col-332204535\" class=\"col medium-4 small-12 large-4\"  >\n\t\t\t\t<div class=\"col-inner text-right\"  >\n\t\t\t\n\t\t\t\n\n\t<div class=\"img has-hover x md-x lg-x y md-y lg-y\" id=\"image_1929401107\">\n\t\t\t\t\t\t\t\t<div class=\"img-inner dark\" >\n\t\t\t<img loading=\"lazy\" decoding=\"async\" width=\"2012\" height=\"1634\" src=\"https:\/\/www.hemmakvall.se\/portal\/wp-content\/uploads\/sites\/5\/2023\/12\/hkmonster.png\" class=\"attachment-original size-original\" alt=\"\" srcset=\"https:\/\/www.hemmakvall.se\/portal\/wp-content\/uploads\/sites\/5\/2023\/12\/hkmonster.png 2012w, https:\/\/www.hemmakvall.se\/portal\/wp-content\/uploads\/sites\/5\/2023\/12\/hkmonster-300x244.png 300w, https:\/\/www.hemmakvall.se\/portal\/wp-content\/uploads\/sites\/5\/2023\/12\/hkmonster-1024x832.png 1024w, https:\/\/www.hemmakvall.se\/portal\/wp-content\/uploads\/sites\/5\/2023\/12\/hkmonster-768x624.png 768w, https:\/\/www.hemmakvall.se\/portal\/wp-content\/uploads\/sites\/5\/2023\/12\/hkmonster-1536x1247.png 1536w, https:\/\/www.hemmakvall.se\/portal\/wp-content\/uploads\/sites\/5\/2023\/12\/hkmonster-600x487.png 600w, https:\/\/www.hemmakvall.se\/portal\/wp-content\/uploads\/sites\/5\/2023\/12\/hkmonster-123x100.png 123w\" sizes=\"auto, (max-width: 2012px) 100vw, 2012px\" \/>\t\t\t\t\t\t\n\t\t\t\t\t<\/div>\n\t\t\t\t\t\t\t\t\n<style>\n#image_1929401107 {\n  width: 26%;\n}\n<\/style>\n\t<\/div>\n\t\n\n\n\t\t<\/div>\n\t\t\t\t\n<style>\n#col-332204535 > .col-inner {\n  margin: 0px 0px 0px -31px;\n}\n<\/style>\n\t<\/div>\n\n\t\n\n<\/div>\n\n\t\t<\/div>\n\n\t\t\n<style>\n#section_34028079 {\n  padding-top: 0px;\n  padding-bottom: 0px;\n}\n<\/style>\n\t<\/section>\n\t\n\n","protected":false},"excerpt":{"rendered":"","protected":false},"author":1,"featured_media":0,"parent":0,"menu_order":0,"comment_status":"closed","ping_status":"closed","template":"page-transparent-header.php","meta":{"_acf_changed":false,"footnotes":""},"class_list":["post-128","page","type-page","status-publish","hentry"],"acf":[],"yoast_head":"<!-- This site is optimized with the Yoast SEO plugin v27.4 - https:\/\/yoast.com\/product\/yoast-seo-wordpress\/ -->\n<title>Best\u00e4ll produkter - F\u00f6rs\u00e4ljningsportal<\/title>\n<meta name=\"description\" content=\"B\u00f6rja s\u00e4lj redan idag och tj\u00e4na pengar till klassen eller f\u00f6reningen. G\u00f6r en best\u00e4llning av v\u00e5ra popul\u00e4ra produkter p\u00e5 en g\u00e5ng!\" \/>\n<meta name=\"robots\" content=\"noindex, follow, max-snippet:-1, max-image-preview:large, max-video-preview:-1\" \/>\n<meta property=\"og:locale\" content=\"sv_SE\" \/>\n<meta property=\"og:type\" content=\"article\" \/>\n<meta property=\"og:title\" content=\"Best\u00e4ll produkter - F\u00f6rs\u00e4ljningsportal\" \/>\n<meta property=\"og:description\" content=\"B\u00f6rja s\u00e4lj redan idag och tj\u00e4na pengar till klassen eller f\u00f6reningen. G\u00f6r en best\u00e4llning av v\u00e5ra popul\u00e4ra produkter p\u00e5 en g\u00e5ng!\" \/>\n<meta property=\"og:url\" content=\"https:\/\/www.hemmakvall.se\/portal\/bestall-produkter\/\" \/>\n<meta property=\"og:site_name\" content=\"F\u00f6rs\u00e4ljningsportal\" \/>\n<meta property=\"article:modified_time\" content=\"2025-03-31T06:27:13+00:00\" \/>\n<meta property=\"og:image\" content=\"https:\/\/www.hemmakvall.se\/portal\/wp-content\/uploads\/sites\/5\/2023\/12\/sektion_21_square.jpg\" \/>\n\t<meta property=\"og:image:width\" content=\"1200\" \/>\n\t<meta property=\"og:image:height\" content=\"1200\" \/>\n\t<meta property=\"og:image:type\" content=\"image\/jpeg\" \/>\n<meta name=\"twitter:card\" content=\"summary_large_image\" \/>\n<meta name=\"twitter:label1\" content=\"Ber\u00e4knad l\u00e4stid\" \/>\n\t<meta name=\"twitter:data1\" content=\"1 minut\" \/>\n<script type=\"application\/ld+json\" class=\"yoast-schema-graph\">{\"@context\":\"https:\\\/\\\/schema.org\",\"@graph\":[{\"@type\":\"WebPage\",\"@id\":\"https:\\\/\\\/www.hemmakvall.se\\\/portal\\\/bestall-produkter\\\/\",\"url\":\"https:\\\/\\\/www.hemmakvall.se\\\/portal\\\/bestall-produkter\\\/\",\"name\":\"Best\u00e4ll produkter - F\u00f6rs\u00e4ljningsportal\",\"isPartOf\":{\"@id\":\"https:\\\/\\\/www.hemmakvall.se\\\/portal\\\/#website\"},\"datePublished\":\"2023-10-18T08:00:37+00:00\",\"dateModified\":\"2025-03-31T06:27:13+00:00\",\"description\":\"B\u00f6rja s\u00e4lj redan idag och tj\u00e4na pengar till klassen eller f\u00f6reningen. G\u00f6r en best\u00e4llning av v\u00e5ra popul\u00e4ra produkter p\u00e5 en g\u00e5ng!\",\"breadcrumb\":{\"@id\":\"https:\\\/\\\/www.hemmakvall.se\\\/portal\\\/bestall-produkter\\\/#breadcrumb\"},\"inLanguage\":\"sv-SE\",\"potentialAction\":[{\"@type\":\"ReadAction\",\"target\":[\"https:\\\/\\\/www.hemmakvall.se\\\/portal\\\/bestall-produkter\\\/\"]}]},{\"@type\":\"BreadcrumbList\",\"@id\":\"https:\\\/\\\/www.hemmakvall.se\\\/portal\\\/bestall-produkter\\\/#breadcrumb\",\"itemListElement\":[{\"@type\":\"ListItem\",\"position\":1,\"name\":\"Hem\",\"item\":\"https:\\\/\\\/www.hemmakvall.se\\\/portal\\\/\"},{\"@type\":\"ListItem\",\"position\":2,\"name\":\"Best\u00e4ll produkter\"}]},{\"@type\":\"WebSite\",\"@id\":\"https:\\\/\\\/www.hemmakvall.se\\\/portal\\\/#website\",\"url\":\"https:\\\/\\\/www.hemmakvall.se\\\/portal\\\/\",\"name\":\"Hemmakv\u00e4ll - F\u00f6rening\",\"description\":\"\",\"publisher\":{\"@id\":\"https:\\\/\\\/www.hemmakvall.se\\\/portal\\\/#organization\"},\"potentialAction\":[{\"@type\":\"SearchAction\",\"target\":{\"@type\":\"EntryPoint\",\"urlTemplate\":\"https:\\\/\\\/www.hemmakvall.se\\\/portal\\\/?s={search_term_string}\"},\"query-input\":{\"@type\":\"PropertyValueSpecification\",\"valueRequired\":true,\"valueName\":\"search_term_string\"}}],\"inLanguage\":\"sv-SE\"},{\"@type\":\"Organization\",\"@id\":\"https:\\\/\\\/www.hemmakvall.se\\\/portal\\\/#organization\",\"name\":\"Hemmakv\u00e4ll - F\u00f6rening\",\"url\":\"https:\\\/\\\/www.hemmakvall.se\\\/portal\\\/\",\"logo\":{\"@type\":\"ImageObject\",\"inLanguage\":\"sv-SE\",\"@id\":\"https:\\\/\\\/www.hemmakvall.se\\\/portal\\\/#\\\/schema\\\/logo\\\/image\\\/\",\"url\":\"https:\\\/\\\/www.hemmakvall.se\\\/forening\\\/wp-content\\\/uploads\\\/sites\\\/3\\\/2023\\\/12\\\/hemmakvall-logo-1200bl.png\",\"contentUrl\":\"https:\\\/\\\/www.hemmakvall.se\\\/forening\\\/wp-content\\\/uploads\\\/sites\\\/3\\\/2023\\\/12\\\/hemmakvall-logo-1200bl.png\",\"width\":1201,\"height\":261,\"caption\":\"Hemmakv\u00e4ll - F\u00f6rening\"},\"image\":{\"@id\":\"https:\\\/\\\/www.hemmakvall.se\\\/portal\\\/#\\\/schema\\\/logo\\\/image\\\/\"}}]}<\/script>\n<!-- \/ Yoast SEO plugin. -->","yoast_head_json":{"title":"Best\u00e4ll produkter - F\u00f6rs\u00e4ljningsportal","description":"B\u00f6rja s\u00e4lj redan idag och tj\u00e4na pengar till klassen eller f\u00f6reningen. G\u00f6r en best\u00e4llning av v\u00e5ra popul\u00e4ra produkter p\u00e5 en g\u00e5ng!","robots":{"index":"noindex","follow":"follow","max-snippet":"max-snippet:-1","max-image-preview":"max-image-preview:large","max-video-preview":"max-video-preview:-1"},"og_locale":"sv_SE","og_type":"article","og_title":"Best\u00e4ll produkter - F\u00f6rs\u00e4ljningsportal","og_description":"B\u00f6rja s\u00e4lj redan idag och tj\u00e4na pengar till klassen eller f\u00f6reningen. G\u00f6r en best\u00e4llning av v\u00e5ra popul\u00e4ra produkter p\u00e5 en g\u00e5ng!","og_url":"https:\/\/www.hemmakvall.se\/portal\/bestall-produkter\/","og_site_name":"F\u00f6rs\u00e4ljningsportal","article_modified_time":"2025-03-31T06:27:13+00:00","og_image":[{"width":1200,"height":1200,"url":"https:\/\/www.hemmakvall.se\/portal\/wp-content\/uploads\/sites\/5\/2023\/12\/sektion_21_square.jpg","type":"image\/jpeg"}],"twitter_card":"summary_large_image","twitter_misc":{"Ber\u00e4knad l\u00e4stid":"1 minut"},"schema":{"@context":"https:\/\/schema.org","@graph":[{"@type":"WebPage","@id":"https:\/\/www.hemmakvall.se\/portal\/bestall-produkter\/","url":"https:\/\/www.hemmakvall.se\/portal\/bestall-produkter\/","name":"Best\u00e4ll produkter - F\u00f6rs\u00e4ljningsportal","isPartOf":{"@id":"https:\/\/www.hemmakvall.se\/portal\/#website"},"datePublished":"2023-10-18T08:00:37+00:00","dateModified":"2025-03-31T06:27:13+00:00","description":"B\u00f6rja s\u00e4lj redan idag och tj\u00e4na pengar till klassen eller f\u00f6reningen. G\u00f6r en best\u00e4llning av v\u00e5ra popul\u00e4ra produkter p\u00e5 en g\u00e5ng!","breadcrumb":{"@id":"https:\/\/www.hemmakvall.se\/portal\/bestall-produkter\/#breadcrumb"},"inLanguage":"sv-SE","potentialAction":[{"@type":"ReadAction","target":["https:\/\/www.hemmakvall.se\/portal\/bestall-produkter\/"]}]},{"@type":"BreadcrumbList","@id":"https:\/\/www.hemmakvall.se\/portal\/bestall-produkter\/#breadcrumb","itemListElement":[{"@type":"ListItem","position":1,"name":"Hem","item":"https:\/\/www.hemmakvall.se\/portal\/"},{"@type":"ListItem","position":2,"name":"Best\u00e4ll produkter"}]},{"@type":"WebSite","@id":"https:\/\/www.hemmakvall.se\/portal\/#website","url":"https:\/\/www.hemmakvall.se\/portal\/","name":"Hemmakv\u00e4ll - F\u00f6rening","description":"","publisher":{"@id":"https:\/\/www.hemmakvall.se\/portal\/#organization"},"potentialAction":[{"@type":"SearchAction","target":{"@type":"EntryPoint","urlTemplate":"https:\/\/www.hemmakvall.se\/portal\/?s={search_term_string}"},"query-input":{"@type":"PropertyValueSpecification","valueRequired":true,"valueName":"search_term_string"}}],"inLanguage":"sv-SE"},{"@type":"Organization","@id":"https:\/\/www.hemmakvall.se\/portal\/#organization","name":"Hemmakv\u00e4ll - F\u00f6rening","url":"https:\/\/www.hemmakvall.se\/portal\/","logo":{"@type":"ImageObject","inLanguage":"sv-SE","@id":"https:\/\/www.hemmakvall.se\/portal\/#\/schema\/logo\/image\/","url":"https:\/\/www.hemmakvall.se\/forening\/wp-content\/uploads\/sites\/3\/2023\/12\/hemmakvall-logo-1200bl.png","contentUrl":"https:\/\/www.hemmakvall.se\/forening\/wp-content\/uploads\/sites\/3\/2023\/12\/hemmakvall-logo-1200bl.png","width":1201,"height":261,"caption":"Hemmakv\u00e4ll - F\u00f6rening"},"image":{"@id":"https:\/\/www.hemmakvall.se\/portal\/#\/schema\/logo\/image\/"}}]}},"_links":{"self":[{"href":"https:\/\/www.hemmakvall.se\/portal\/wp-json\/wp\/v2\/pages\/128","targetHints":{"allow":["GET"]}}],"collection":[{"href":"https:\/\/www.hemmakvall.se\/portal\/wp-json\/wp\/v2\/pages"}],"about":[{"href":"https:\/\/www.hemmakvall.se\/portal\/wp-json\/wp\/v2\/types\/page"}],"author":[{"embeddable":true,"href":"https:\/\/www.hemmakvall.se\/portal\/wp-json\/wp\/v2\/users\/1"}],"replies":[{"embeddable":true,"href":"https:\/\/www.hemmakvall.se\/portal\/wp-json\/wp\/v2\/comments?post=128"}],"version-history":[{"count":48,"href":"https:\/\/www.hemmakvall.se\/portal\/wp-json\/wp\/v2\/pages\/128\/revisions"}],"predecessor-version":[{"id":2702,"href":"https:\/\/www.hemmakvall.se\/portal\/wp-json\/wp\/v2\/pages\/128\/revisions\/2702"}],"wp:attachment":[{"href":"https:\/\/www.hemmakvall.se\/portal\/wp-json\/wp\/v2\/media?parent=128"}],"curies":[{"name":"wp","href":"https:\/\/api.w.org\/{rel}","templated":true}]}}