{"id":14,"date":"2023-10-16T12:58:54","date_gmt":"2023-10-16T12:58:54","guid":{"rendered":"https:\/\/www.hemmakvall.se\/?page_id=14"},"modified":"2025-04-15T11:01:06","modified_gmt":"2025-04-15T09:01:06","slug":"saljmaterial","status":"publish","type":"page","link":"https:\/\/www.hemmakvall.se\/portal\/saljmaterial\/","title":{"rendered":"S\u00e4ljmaterial"},"content":{"rendered":"\n\n  <div class=\"banner has-hover stripe yellow\" id=\"banner-1268177354\">\n          <div class=\"banner-inner fill\">\n        <div class=\"banner-bg fill\" >\n                                                \n                    <\/div>\n\t\t\n\t<div class=\"ux-shape-divider ux-shape-divider--bottom ux-shape-divider--style-curve\">\n\t\t<svg viewBox=\"0 0 1000 100\" xmlns=\"http:\/\/www.w3.org\/2000\/svg\" preserveAspectRatio=\"none\">\n\t<path class=\"ux-shape-fill\" d=\"M0 0C0 0 200 50 500 50C800 50 1000 0 1000 0V101H0V1V0Z\"\/>\n<\/svg>\n\t<\/div>\n        <div class=\"banner-layers container\">\n            <div class=\"fill banner-link\"><\/div>            \n\n   <div id=\"text-box-1632937870\" class=\"text-box banner-layer x50 md-x50 lg-x50 y85 md-y75 lg-y75 res-text\">\n                                <div class=\"text-box-content text dark\">\n              \n              <div class=\"text-inner text-center\">\n                  \n\n\t<div id=\"text-2319473026\" class=\"text hero_undertext\">\n\t\t\n\n<h1>MATERIAL F\u00d6R NEDLADDNING OCH UTSKRIFT<\/h1>\n<p>H\u00e4r hittar ni allt material ni kan t\u00e4nkas beh\u00f6va f\u00f6r att komma ig\u00e5ng med klass- och f\u00f6reningsf\u00f6rs\u00e4ljningen<\/p>\n\t\t\n<style>\n#text-2319473026 {\n  color: rgb(255,255,255);\n}\n#text-2319473026 > * {\n  color: rgb(255,255,255);\n}\n<\/style>\n\t<\/div>\n\t\n\n              <\/div>\n           <\/div>\n                            \n<style>\n#text-box-1632937870 {\n  width: 89%;\n}\n#text-box-1632937870 .text-box-content {\n  font-size: 100%;\n}\n@media (min-width:550px) {\n  #text-box-1632937870 {\n    width: 98%;\n  }\n}\n@media (min-width:850px) {\n  #text-box-1632937870 {\n    width: 82%;\n  }\n}\n<\/style>\n    <\/div>\n \n\n        <\/div>\n      <\/div>\n\n            \n<style>\n#banner-1268177354 {\n  padding-top: 550px;\n}\n#banner-1268177354 .ux-shape-divider--bottom svg {\n  height: 40px;\n  --divider-width: 150%;\n}\n@media (min-width:550px) {\n  #banner-1268177354 {\n    padding-top: 609px;\n  }\n  #banner-1268177354 .ux-shape-divider--bottom svg {\n    --divider-width: 100%;\n  }\n}\n@media (min-width:850px) {\n  #banner-1268177354 {\n    padding-top: 468px;\n  }\n}\n<\/style>\n  <\/div>\n\n\n<div class=\"row align-equal\"  id=\"row-179364678\">\n\n\n\t<div id=\"col-1680887629\" class=\"col stripe-inner red medium-6 small-12 large-6\"  >\n\t\t\t\t<div class=\"col-inner\"  >\n\t\t\t\n\t\t\t\n\n\t<div class=\"box has-hover   has-hover box-vertical box-text-bottom\" >\n\n\t\t<div class=\"box-image\" style=\"width:35%;\">\n\t\t\t\t\t\t<div class=\"\" >\n\t\t\t\t<img loading=\"lazy\" decoding=\"async\" width=\"600\" height=\"847\" src=\"https:\/\/www.hemmakvall.se\/portal\/wp-content\/uploads\/sites\/5\/2024\/09\/Klass-och-forening-informationsblad.png\" class=\"attachment- size-\" alt=\"\" srcset=\"https:\/\/www.hemmakvall.se\/portal\/wp-content\/uploads\/sites\/5\/2024\/09\/Klass-och-forening-informationsblad.png 600w, https:\/\/www.hemmakvall.se\/portal\/wp-content\/uploads\/sites\/5\/2024\/09\/Klass-och-forening-informationsblad-213x300.png 213w\" sizes=\"auto, (max-width: 600px) 100vw, 600px\" \/>\t\t\t\t\t\t\t\t\t\t\t<\/div>\n\t\t\t\t\t<\/div>\n\n\t\t<div class=\"box-text text-left\" >\n\t\t\t<div class=\"box-text-inner\">\n\t\t\t\t\n\n\t<div id=\"text-2675821612\" class=\"text\">\n\t\t\n\n<h4>INFORMATIONSBLAD<\/h4>\n<p>Kortfattad och samlad information f\u00f6r att ni ska komma ig\u00e5ng med er f\u00f6rs\u00e4ljning.<\/p>\n\t\t\n<style>\n#text-2675821612 {\n  font-size: 1rem;\n  text-align: left;\n  color: rgb(255,255,255);\n}\n#text-2675821612 > * {\n  color: rgb(255,255,255);\n}\n<\/style>\n\t<\/div>\n\t\n<a href=\"https:\/\/www.hemmakvall.se\/forening\/wp-content\/uploads\/sites\/3\/2025\/01\/Klass-och-forening-informationsblad-2025.pdf\" target=\"_blank\" class=\"button white lowercase\" rel=\"noopener\" >\n\t\t<span>Ladda ner<\/span>\n\t<\/a>\n\n\n\n\t\t\t<\/div>\n\t\t<\/div>\n\t<\/div>\n\t\n\n\t\t<\/div>\n\t\t\t\t\n<style>\n#col-1680887629 > .col-inner {\n  padding: 15px 15px 15px 15px;\n}\n<\/style>\n\t<\/div>\n\n\t\n\n\t<div id=\"col-613146033\" class=\"col stripe-inner yellow medium-6 small-12 large-6\"  >\n\t\t\t\t<div class=\"col-inner\"  >\n\t\t\t\n\t\t\t\n\n\t<div class=\"box has-hover   has-hover box-vertical box-text-bottom\" >\n\n\t\t<div class=\"box-image\" style=\"width:35%;\">\n\t\t\t\t\t\t<div class=\"\" >\n\t\t\t\t<img loading=\"lazy\" decoding=\"async\" width=\"601\" height=\"853\" src=\"https:\/\/www.hemmakvall.se\/portal\/wp-content\/uploads\/sites\/5\/2024\/09\/Klass-och-forening-saljblad-2024.png\" class=\"attachment- size-\" alt=\"\" srcset=\"https:\/\/www.hemmakvall.se\/portal\/wp-content\/uploads\/sites\/5\/2024\/09\/Klass-och-forening-saljblad-2024.png 601w, https:\/\/www.hemmakvall.se\/portal\/wp-content\/uploads\/sites\/5\/2024\/09\/Klass-och-forening-saljblad-2024-211x300.png 211w\" sizes=\"auto, (max-width: 601px) 100vw, 601px\" \/>\t\t\t\t\t\t\t\t\t\t\t<\/div>\n\t\t\t\t\t<\/div>\n\n\t\t<div class=\"box-text text-left\" >\n\t\t\t<div class=\"box-text-inner\">\n\t\t\t\t\n\n\t<div id=\"text-1757063258\" class=\"text\">\n\t\t\n\n<h4><span style=\"color: #ffffff;\">S\u00c4LJBLAD<\/span><\/h4>\n<p>Detta \u00e4r produktbladet ni tar med till familj, grannar och kompisar n\u00e4r ni ska s\u00e4lja.<\/p>\n\t\t\n<style>\n#text-1757063258 {\n  font-size: 1rem;\n  text-align: left;\n  color: rgb(255,255,255);\n}\n#text-1757063258 > * {\n  color: rgb(255,255,255);\n}\n<\/style>\n\t<\/div>\n\t\n<a href=\"https:\/\/www.hemmakvall.se\/forening\/wp-content\/uploads\/sites\/3\/2025\/04\/Klass-och-forening-saljblad-25-04-15.pdf\" target=\"_blank\" class=\"button white lowercase\" rel=\"noopener\" >\n\t\t<span>Ladda ner<\/span>\n\t<\/a>\n\n\n\n\t\t\t<\/div>\n\t\t<\/div>\n\t<\/div>\n\t\n\n\t\t<\/div>\n\t\t\t\t\n<style>\n#col-613146033 > .col-inner {\n  padding: 15px 60px 15px 21px;\n}\n@media (min-width:550px) {\n  #col-613146033 > .col-inner {\n    padding: 15px 15px 15px 15px;\n  }\n}\n<\/style>\n\t<\/div>\n\n\t\n\n\t<div id=\"col-223034940\" class=\"col stripe-inner turkos medium-6 small-12 large-6\"  >\n\t\t\t\t<div class=\"col-inner\"  >\n\t\t\t\n\t\t\t\n\n\t<div class=\"box has-hover   has-hover box-vertical box-text-bottom\" >\n\n\t\t<div class=\"box-image\" style=\"width:34%;\">\n\t\t\t\t\t\t<div class=\"\" >\n\t\t\t\t<img loading=\"lazy\" decoding=\"async\" width=\"603\" height=\"856\" src=\"https:\/\/www.hemmakvall.se\/portal\/wp-content\/uploads\/sites\/5\/2024\/08\/Klass-och-forening-bestallningslista-2024.png\" class=\"attachment- size-\" alt=\"\" srcset=\"https:\/\/www.hemmakvall.se\/portal\/wp-content\/uploads\/sites\/5\/2024\/08\/Klass-och-forening-bestallningslista-2024.png 603w, https:\/\/www.hemmakvall.se\/portal\/wp-content\/uploads\/sites\/5\/2024\/08\/Klass-och-forening-bestallningslista-2024-211x300.png 211w, https:\/\/www.hemmakvall.se\/portal\/wp-content\/uploads\/sites\/5\/2024\/08\/Klass-och-forening-bestallningslista-2024-600x852.png 600w\" sizes=\"auto, (max-width: 603px) 100vw, 603px\" \/>\t\t\t\t\t\t\t\t\t\t\t<\/div>\n\t\t\t\t\t<\/div>\n\n\t\t<div class=\"box-text text-left\" >\n\t\t\t<div class=\"box-text-inner\">\n\t\t\t\t\n\n\t<div id=\"text-3729954618\" class=\"text\">\n\t\t\n\n<h4>BEST\u00c4LLNINGSSLISTA<\/h4>\n<p>P\u00e5 denna lista skriver ni upp alla best\u00e4llningar.\u00a0<\/p>\n\t\t\n<style>\n#text-3729954618 {\n  font-size: 1rem;\n  text-align: left;\n  color: rgb(255,255,255);\n}\n#text-3729954618 > * {\n  color: rgb(255,255,255);\n}\n<\/style>\n\t<\/div>\n\t\n<a href=\"https:\/\/www.hemmakvall.se\/forening\/wp-content\/uploads\/sites\/3\/2024\/09\/Klass-och-forening-bestallningslista-2024.pdf\" target=\"_blank\" class=\"button white lowercase\" rel=\"noopener\" >\n\t\t<span>Ladda ner<\/span>\n\t<\/a>\n\n\n\n\t\t\t<\/div>\n\t\t<\/div>\n\t<\/div>\n\t\n\n\t\t<\/div>\n\t\t\t\t\n<style>\n#col-223034940 > .col-inner {\n  padding: 15px 15px 15px 15px;\n}\n<\/style>\n\t<\/div>\n\n\t\n\n\t<div id=\"col-1986777360\" class=\"col stripe-inner blue medium-6 small-12 large-6\"  >\n\t\t\t\t<div class=\"col-inner\"  >\n\t\t\t\n\t\t\t\n\n\t<div id=\"gap-2062184938\" class=\"gap-element clearfix\" style=\"display:block; height:auto;\">\n\t\t\n<style>\n#gap-2062184938 {\n  padding-top: 40px;\n}\n<\/style>\n\t<\/div>\n\t\n\n\t<div id=\"text-3791147287\" class=\"text\">\n\t\t\n\n<h4 style=\"text-align: left;\"><span style=\"color: #ffffff;\">BEST\u00c4LLNINGSBEKR\u00c4FTELSE<\/span><\/h4>\n<div>Denna mall kan ni anv\u00e4nda om era k\u00f6pare vill ha en bekr\u00e4ftelse p\u00e5 det produkter de k\u00f6p av er.\u00a0<\/div>\n\t\t\n<style>\n#text-3791147287 {\n  font-size: 1rem;\n  text-align: left;\n  color: rgb(255,255,255);\n}\n#text-3791147287 > * {\n  color: rgb(255,255,255);\n}\n<\/style>\n\t<\/div>\n\t\n<a href=\"https:\/\/www.hemmakvall.se\/forening\/wp-content\/uploads\/sites\/3\/2024\/09\/Kvitto-1.pdf\" target=\"_blank\" class=\"button white lowercase\" rel=\"noopener\" >\n\t\t<span>Ladda ner<\/span>\n\t<\/a>\n\n\n\n\t\t<\/div>\n\t\t\t\t\n<style>\n#col-1986777360 > .col-inner {\n  padding: 15px 15px 15px 15px;\n}\n<\/style>\n\t<\/div>\n\n\t\n\n<\/div>\n\t<div id=\"gap-604647821\" class=\"gap-element clearfix\" style=\"display:block; height:auto;\">\n\t\t\n<style>\n#gap-604647821 {\n  padding-top: 30px;\n}\n<\/style>\n\t<\/div>\n\t\n\n\n","protected":false},"excerpt":{"rendered":"","protected":false},"author":1,"featured_media":0,"parent":0,"menu_order":0,"comment_status":"closed","ping_status":"closed","template":"page-transparent-header.php","meta":{"_acf_changed":false,"footnotes":""},"class_list":["post-14","page","type-page","status-publish","hentry"],"acf":[],"yoast_head":"<!-- This site is optimized with the Yoast SEO plugin v27.4 - https:\/\/yoast.com\/product\/yoast-seo-wordpress\/ -->\n<title>S\u00e4ljmaterial - F\u00f6rs\u00e4ljningsportal<\/title>\n<meta name=\"robots\" content=\"noindex, follow, max-snippet:-1, max-image-preview:large, max-video-preview:-1\" \/>\n<meta property=\"og:locale\" content=\"sv_SE\" \/>\n<meta property=\"og:type\" content=\"article\" \/>\n<meta property=\"og:title\" content=\"S\u00e4ljmaterial - F\u00f6rs\u00e4ljningsportal\" \/>\n<meta property=\"og:url\" content=\"https:\/\/www.hemmakvall.se\/portal\/saljmaterial\/\" \/>\n<meta property=\"og:site_name\" content=\"F\u00f6rs\u00e4ljningsportal\" \/>\n<meta property=\"article:modified_time\" content=\"2025-04-15T09:01:06+00:00\" \/>\n<meta property=\"og:image\" content=\"https:\/\/www.hemmakvall.se\/portal\/wp-content\/uploads\/sites\/5\/2023\/12\/sektion_21_square.jpg\" \/>\n\t<meta property=\"og:image:width\" content=\"1200\" \/>\n\t<meta property=\"og:image:height\" content=\"1200\" \/>\n\t<meta property=\"og:image:type\" content=\"image\/jpeg\" \/>\n<meta name=\"twitter:card\" content=\"summary_large_image\" \/>\n<meta name=\"twitter:label1\" content=\"Ber\u00e4knad l\u00e4stid\" \/>\n\t<meta name=\"twitter:data1\" content=\"2 minuter\" \/>\n<script type=\"application\/ld+json\" class=\"yoast-schema-graph\">{\"@context\":\"https:\\\/\\\/schema.org\",\"@graph\":[{\"@type\":\"WebPage\",\"@id\":\"https:\\\/\\\/www.hemmakvall.se\\\/portal\\\/saljmaterial\\\/\",\"url\":\"https:\\\/\\\/www.hemmakvall.se\\\/portal\\\/saljmaterial\\\/\",\"name\":\"S\u00e4ljmaterial - F\u00f6rs\u00e4ljningsportal\",\"isPartOf\":{\"@id\":\"https:\\\/\\\/www.hemmakvall.se\\\/portal\\\/#website\"},\"datePublished\":\"2023-10-16T12:58:54+00:00\",\"dateModified\":\"2025-04-15T09:01:06+00:00\",\"breadcrumb\":{\"@id\":\"https:\\\/\\\/www.hemmakvall.se\\\/portal\\\/saljmaterial\\\/#breadcrumb\"},\"inLanguage\":\"sv-SE\",\"potentialAction\":[{\"@type\":\"ReadAction\",\"target\":[\"https:\\\/\\\/www.hemmakvall.se\\\/portal\\\/saljmaterial\\\/\"]}]},{\"@type\":\"BreadcrumbList\",\"@id\":\"https:\\\/\\\/www.hemmakvall.se\\\/portal\\\/saljmaterial\\\/#breadcrumb\",\"itemListElement\":[{\"@type\":\"ListItem\",\"position\":1,\"name\":\"Hem\",\"item\":\"https:\\\/\\\/www.hemmakvall.se\\\/portal\\\/\"},{\"@type\":\"ListItem\",\"position\":2,\"name\":\"S\u00e4ljmaterial\"}]},{\"@type\":\"WebSite\",\"@id\":\"https:\\\/\\\/www.hemmakvall.se\\\/portal\\\/#website\",\"url\":\"https:\\\/\\\/www.hemmakvall.se\\\/portal\\\/\",\"name\":\"Hemmakv\u00e4ll - F\u00f6rening\",\"description\":\"\",\"publisher\":{\"@id\":\"https:\\\/\\\/www.hemmakvall.se\\\/portal\\\/#organization\"},\"potentialAction\":[{\"@type\":\"SearchAction\",\"target\":{\"@type\":\"EntryPoint\",\"urlTemplate\":\"https:\\\/\\\/www.hemmakvall.se\\\/portal\\\/?s={search_term_string}\"},\"query-input\":{\"@type\":\"PropertyValueSpecification\",\"valueRequired\":true,\"valueName\":\"search_term_string\"}}],\"inLanguage\":\"sv-SE\"},{\"@type\":\"Organization\",\"@id\":\"https:\\\/\\\/www.hemmakvall.se\\\/portal\\\/#organization\",\"name\":\"Hemmakv\u00e4ll - F\u00f6rening\",\"url\":\"https:\\\/\\\/www.hemmakvall.se\\\/portal\\\/\",\"logo\":{\"@type\":\"ImageObject\",\"inLanguage\":\"sv-SE\",\"@id\":\"https:\\\/\\\/www.hemmakvall.se\\\/portal\\\/#\\\/schema\\\/logo\\\/image\\\/\",\"url\":\"https:\\\/\\\/www.hemmakvall.se\\\/forening\\\/wp-content\\\/uploads\\\/sites\\\/3\\\/2023\\\/12\\\/hemmakvall-logo-1200bl.png\",\"contentUrl\":\"https:\\\/\\\/www.hemmakvall.se\\\/forening\\\/wp-content\\\/uploads\\\/sites\\\/3\\\/2023\\\/12\\\/hemmakvall-logo-1200bl.png\",\"width\":1201,\"height\":261,\"caption\":\"Hemmakv\u00e4ll - F\u00f6rening\"},\"image\":{\"@id\":\"https:\\\/\\\/www.hemmakvall.se\\\/portal\\\/#\\\/schema\\\/logo\\\/image\\\/\"}}]}<\/script>\n<!-- \/ Yoast SEO plugin. -->","yoast_head_json":{"title":"S\u00e4ljmaterial - F\u00f6rs\u00e4ljningsportal","robots":{"index":"noindex","follow":"follow","max-snippet":"max-snippet:-1","max-image-preview":"max-image-preview:large","max-video-preview":"max-video-preview:-1"},"og_locale":"sv_SE","og_type":"article","og_title":"S\u00e4ljmaterial - F\u00f6rs\u00e4ljningsportal","og_url":"https:\/\/www.hemmakvall.se\/portal\/saljmaterial\/","og_site_name":"F\u00f6rs\u00e4ljningsportal","article_modified_time":"2025-04-15T09:01:06+00:00","og_image":[{"width":1200,"height":1200,"url":"https:\/\/www.hemmakvall.se\/portal\/wp-content\/uploads\/sites\/5\/2023\/12\/sektion_21_square.jpg","type":"image\/jpeg"}],"twitter_card":"summary_large_image","twitter_misc":{"Ber\u00e4knad l\u00e4stid":"2 minuter"},"schema":{"@context":"https:\/\/schema.org","@graph":[{"@type":"WebPage","@id":"https:\/\/www.hemmakvall.se\/portal\/saljmaterial\/","url":"https:\/\/www.hemmakvall.se\/portal\/saljmaterial\/","name":"S\u00e4ljmaterial - F\u00f6rs\u00e4ljningsportal","isPartOf":{"@id":"https:\/\/www.hemmakvall.se\/portal\/#website"},"datePublished":"2023-10-16T12:58:54+00:00","dateModified":"2025-04-15T09:01:06+00:00","breadcrumb":{"@id":"https:\/\/www.hemmakvall.se\/portal\/saljmaterial\/#breadcrumb"},"inLanguage":"sv-SE","potentialAction":[{"@type":"ReadAction","target":["https:\/\/www.hemmakvall.se\/portal\/saljmaterial\/"]}]},{"@type":"BreadcrumbList","@id":"https:\/\/www.hemmakvall.se\/portal\/saljmaterial\/#breadcrumb","itemListElement":[{"@type":"ListItem","position":1,"name":"Hem","item":"https:\/\/www.hemmakvall.se\/portal\/"},{"@type":"ListItem","position":2,"name":"S\u00e4ljmaterial"}]},{"@type":"WebSite","@id":"https:\/\/www.hemmakvall.se\/portal\/#website","url":"https:\/\/www.hemmakvall.se\/portal\/","name":"Hemmakv\u00e4ll - F\u00f6rening","description":"","publisher":{"@id":"https:\/\/www.hemmakvall.se\/portal\/#organization"},"potentialAction":[{"@type":"SearchAction","target":{"@type":"EntryPoint","urlTemplate":"https:\/\/www.hemmakvall.se\/portal\/?s={search_term_string}"},"query-input":{"@type":"PropertyValueSpecification","valueRequired":true,"valueName":"search_term_string"}}],"inLanguage":"sv-SE"},{"@type":"Organization","@id":"https:\/\/www.hemmakvall.se\/portal\/#organization","name":"Hemmakv\u00e4ll - F\u00f6rening","url":"https:\/\/www.hemmakvall.se\/portal\/","logo":{"@type":"ImageObject","inLanguage":"sv-SE","@id":"https:\/\/www.hemmakvall.se\/portal\/#\/schema\/logo\/image\/","url":"https:\/\/www.hemmakvall.se\/forening\/wp-content\/uploads\/sites\/3\/2023\/12\/hemmakvall-logo-1200bl.png","contentUrl":"https:\/\/www.hemmakvall.se\/forening\/wp-content\/uploads\/sites\/3\/2023\/12\/hemmakvall-logo-1200bl.png","width":1201,"height":261,"caption":"Hemmakv\u00e4ll - F\u00f6rening"},"image":{"@id":"https:\/\/www.hemmakvall.se\/portal\/#\/schema\/logo\/image\/"}}]}},"_links":{"self":[{"href":"https:\/\/www.hemmakvall.se\/portal\/wp-json\/wp\/v2\/pages\/14","targetHints":{"allow":["GET"]}}],"collection":[{"href":"https:\/\/www.hemmakvall.se\/portal\/wp-json\/wp\/v2\/pages"}],"about":[{"href":"https:\/\/www.hemmakvall.se\/portal\/wp-json\/wp\/v2\/types\/page"}],"author":[{"embeddable":true,"href":"https:\/\/www.hemmakvall.se\/portal\/wp-json\/wp\/v2\/users\/1"}],"replies":[{"embeddable":true,"href":"https:\/\/www.hemmakvall.se\/portal\/wp-json\/wp\/v2\/comments?post=14"}],"version-history":[{"count":124,"href":"https:\/\/www.hemmakvall.se\/portal\/wp-json\/wp\/v2\/pages\/14\/revisions"}],"predecessor-version":[{"id":3154,"href":"https:\/\/www.hemmakvall.se\/portal\/wp-json\/wp\/v2\/pages\/14\/revisions\/3154"}],"wp:attachment":[{"href":"https:\/\/www.hemmakvall.se\/portal\/wp-json\/wp\/v2\/media?parent=14"}],"curies":[{"name":"wp","href":"https:\/\/api.w.org\/{rel}","templated":true}]}}