{"id":23948,"date":"2026-01-29T10:15:29","date_gmt":"2026-01-29T09:15:29","guid":{"rendered":"https:\/\/www.hemmakvall.se\/portal\/?post_type=product&#038;p=23948"},"modified":"2026-02-03T08:48:39","modified_gmt":"2026-02-03T07:48:39","slug":"paskagg-lilja","status":"publish","type":"product","link":"https:\/\/www.hemmakvall.se\/portal\/produkt\/paskagg-lilja\/","title":{"rendered":"P\u00e5sk\u00e4gg Lilja"},"content":{"rendered":"","protected":false},"excerpt":{"rendered":"<p>N\u00e4r du best\u00e4ller denna produkt f\u00e5r du <strong data-start=\"102\" data-end=\"117\">ett (1) \u00e4gg<\/strong> i bl\u00e5tt eller gult. F\u00e4rgen v\u00e4ljs slumpm\u00e4ssigt.<\/p>\n","protected":false},"featured_media":23949,"template":"","meta":{"_acf_changed":false},"product_brand":[],"product_cat":[27],"product_tag":[],"class_list":{"0":"post-23948","1":"product","2":"type-product","3":"status-publish","4":"has-post-thumbnail","6":"product_cat-pask-2026","8":"first","9":"instock","10":"taxable","11":"shipping-taxable","12":"purchasable","13":"product-type-simple"},"acf":[],"yoast_head":"<!-- This site is optimized with the Yoast SEO plugin v27.4 - https:\/\/yoast.com\/product\/yoast-seo-wordpress\/ -->\n<title>P\u00e5sk\u00e4gg Lilja - F\u00f6rs\u00e4ljningsportal<\/title>\n<meta name=\"robots\" content=\"noindex, follow, max-snippet:-1, max-image-preview:large, max-video-preview:-1\" \/>\n<meta property=\"og:locale\" content=\"sv_SE\" \/>\n<meta property=\"og:type\" content=\"article\" \/>\n<meta property=\"og:title\" content=\"P\u00e5sk\u00e4gg Lilja - F\u00f6rs\u00e4ljningsportal\" \/>\n<meta property=\"og:description\" content=\"N\u00e4r du best\u00e4ller denna produkt f\u00e5r du ett (1) \u00e4gg i bl\u00e5tt eller gult. F\u00e4rgen v\u00e4ljs slumpm\u00e4ssigt.\" \/>\n<meta property=\"og:url\" content=\"https:\/\/www.hemmakvall.se\/portal\/produkt\/paskagg-lilja\/\" \/>\n<meta property=\"og:site_name\" content=\"F\u00f6rs\u00e4ljningsportal\" \/>\n<meta property=\"article:modified_time\" content=\"2026-02-03T07:48:39+00:00\" \/>\n<meta property=\"og:image\" content=\"https:\/\/www.hemmakvall.se\/portal\/wp-content\/uploads\/sites\/5\/2026\/01\/KF_paskagg_lilja-1024x1024.png\" \/>\n\t<meta property=\"og:image:width\" content=\"1024\" \/>\n\t<meta property=\"og:image:height\" content=\"1024\" \/>\n\t<meta property=\"og:image:type\" content=\"image\/png\" \/>\n<meta name=\"twitter:card\" content=\"summary_large_image\" \/>\n<meta name=\"twitter:label1\" content=\"Ber\u00e4knad l\u00e4stid\" \/>\n\t<meta name=\"twitter:data1\" content=\"1 minut\" \/>\n<script type=\"application\/ld+json\" class=\"yoast-schema-graph\">{\"@context\":\"https:\\\/\\\/schema.org\",\"@graph\":[{\"@type\":\"WebPage\",\"@id\":\"https:\\\/\\\/www.hemmakvall.se\\\/portal\\\/produkt\\\/paskagg-lilja\\\/\",\"url\":\"https:\\\/\\\/www.hemmakvall.se\\\/portal\\\/produkt\\\/paskagg-lilja\\\/\",\"name\":\"P\u00e5sk\u00e4gg Lilja - F\u00f6rs\u00e4ljningsportal\",\"isPartOf\":{\"@id\":\"https:\\\/\\\/www.hemmakvall.se\\\/portal\\\/#website\"},\"primaryImageOfPage\":{\"@id\":\"https:\\\/\\\/www.hemmakvall.se\\\/portal\\\/produkt\\\/paskagg-lilja\\\/#primaryimage\"},\"image\":{\"@id\":\"https:\\\/\\\/www.hemmakvall.se\\\/portal\\\/produkt\\\/paskagg-lilja\\\/#primaryimage\"},\"thumbnailUrl\":\"https:\\\/\\\/www.hemmakvall.se\\\/portal\\\/wp-content\\\/uploads\\\/sites\\\/5\\\/2026\\\/01\\\/KF_paskagg_lilja.png\",\"datePublished\":\"2026-01-29T09:15:29+00:00\",\"dateModified\":\"2026-02-03T07:48:39+00:00\",\"breadcrumb\":{\"@id\":\"https:\\\/\\\/www.hemmakvall.se\\\/portal\\\/produkt\\\/paskagg-lilja\\\/#breadcrumb\"},\"inLanguage\":\"sv-SE\",\"potentialAction\":[{\"@type\":\"ReadAction\",\"target\":[\"https:\\\/\\\/www.hemmakvall.se\\\/portal\\\/produkt\\\/paskagg-lilja\\\/\"]}]},{\"@type\":\"ImageObject\",\"inLanguage\":\"sv-SE\",\"@id\":\"https:\\\/\\\/www.hemmakvall.se\\\/portal\\\/produkt\\\/paskagg-lilja\\\/#primaryimage\",\"url\":\"https:\\\/\\\/www.hemmakvall.se\\\/portal\\\/wp-content\\\/uploads\\\/sites\\\/5\\\/2026\\\/01\\\/KF_paskagg_lilja.png\",\"contentUrl\":\"https:\\\/\\\/www.hemmakvall.se\\\/portal\\\/wp-content\\\/uploads\\\/sites\\\/5\\\/2026\\\/01\\\/KF_paskagg_lilja.png\",\"width\":2000,\"height\":2000},{\"@type\":\"BreadcrumbList\",\"@id\":\"https:\\\/\\\/www.hemmakvall.se\\\/portal\\\/produkt\\\/paskagg-lilja\\\/#breadcrumb\",\"itemListElement\":[{\"@type\":\"ListItem\",\"position\":1,\"name\":\"Hem\",\"item\":\"https:\\\/\\\/www.hemmakvall.se\\\/portal\\\/\"},{\"@type\":\"ListItem\",\"position\":2,\"name\":\"Butik\",\"item\":\"https:\\\/\\\/www.hemmakvall.se\\\/portal\\\/butik\\\/\"},{\"@type\":\"ListItem\",\"position\":3,\"name\":\"P\u00e5sk\u00e4gg Lilja\"}]},{\"@type\":\"WebSite\",\"@id\":\"https:\\\/\\\/www.hemmakvall.se\\\/portal\\\/#website\",\"url\":\"https:\\\/\\\/www.hemmakvall.se\\\/portal\\\/\",\"name\":\"Hemmakv\u00e4ll - F\u00f6rening\",\"description\":\"\",\"publisher\":{\"@id\":\"https:\\\/\\\/www.hemmakvall.se\\\/portal\\\/#organization\"},\"potentialAction\":[{\"@type\":\"SearchAction\",\"target\":{\"@type\":\"EntryPoint\",\"urlTemplate\":\"https:\\\/\\\/www.hemmakvall.se\\\/portal\\\/?s={search_term_string}\"},\"query-input\":{\"@type\":\"PropertyValueSpecification\",\"valueRequired\":true,\"valueName\":\"search_term_string\"}}],\"inLanguage\":\"sv-SE\"},{\"@type\":\"Organization\",\"@id\":\"https:\\\/\\\/www.hemmakvall.se\\\/portal\\\/#organization\",\"name\":\"Hemmakv\u00e4ll - F\u00f6rening\",\"url\":\"https:\\\/\\\/www.hemmakvall.se\\\/portal\\\/\",\"logo\":{\"@type\":\"ImageObject\",\"inLanguage\":\"sv-SE\",\"@id\":\"https:\\\/\\\/www.hemmakvall.se\\\/portal\\\/#\\\/schema\\\/logo\\\/image\\\/\",\"url\":\"https:\\\/\\\/www.hemmakvall.se\\\/forening\\\/wp-content\\\/uploads\\\/sites\\\/3\\\/2023\\\/12\\\/hemmakvall-logo-1200bl.png\",\"contentUrl\":\"https:\\\/\\\/www.hemmakvall.se\\\/forening\\\/wp-content\\\/uploads\\\/sites\\\/3\\\/2023\\\/12\\\/hemmakvall-logo-1200bl.png\",\"width\":1201,\"height\":261,\"caption\":\"Hemmakv\u00e4ll - F\u00f6rening\"},\"image\":{\"@id\":\"https:\\\/\\\/www.hemmakvall.se\\\/portal\\\/#\\\/schema\\\/logo\\\/image\\\/\"}}]}<\/script>\n<!-- \/ Yoast SEO plugin. -->","yoast_head_json":{"title":"P\u00e5sk\u00e4gg Lilja - F\u00f6rs\u00e4ljningsportal","robots":{"index":"noindex","follow":"follow","max-snippet":"max-snippet:-1","max-image-preview":"max-image-preview:large","max-video-preview":"max-video-preview:-1"},"og_locale":"sv_SE","og_type":"article","og_title":"P\u00e5sk\u00e4gg Lilja - F\u00f6rs\u00e4ljningsportal","og_description":"N\u00e4r du best\u00e4ller denna produkt f\u00e5r du ett (1) \u00e4gg i bl\u00e5tt eller gult. F\u00e4rgen v\u00e4ljs slumpm\u00e4ssigt.","og_url":"https:\/\/www.hemmakvall.se\/portal\/produkt\/paskagg-lilja\/","og_site_name":"F\u00f6rs\u00e4ljningsportal","article_modified_time":"2026-02-03T07:48:39+00:00","og_image":[{"width":1024,"height":1024,"url":"https:\/\/www.hemmakvall.se\/portal\/wp-content\/uploads\/sites\/5\/2026\/01\/KF_paskagg_lilja-1024x1024.png","type":"image\/png"}],"twitter_card":"summary_large_image","twitter_misc":{"Ber\u00e4knad l\u00e4stid":"1 minut"},"schema":{"@context":"https:\/\/schema.org","@graph":[{"@type":"WebPage","@id":"https:\/\/www.hemmakvall.se\/portal\/produkt\/paskagg-lilja\/","url":"https:\/\/www.hemmakvall.se\/portal\/produkt\/paskagg-lilja\/","name":"P\u00e5sk\u00e4gg Lilja - F\u00f6rs\u00e4ljningsportal","isPartOf":{"@id":"https:\/\/www.hemmakvall.se\/portal\/#website"},"primaryImageOfPage":{"@id":"https:\/\/www.hemmakvall.se\/portal\/produkt\/paskagg-lilja\/#primaryimage"},"image":{"@id":"https:\/\/www.hemmakvall.se\/portal\/produkt\/paskagg-lilja\/#primaryimage"},"thumbnailUrl":"https:\/\/www.hemmakvall.se\/portal\/wp-content\/uploads\/sites\/5\/2026\/01\/KF_paskagg_lilja.png","datePublished":"2026-01-29T09:15:29+00:00","dateModified":"2026-02-03T07:48:39+00:00","breadcrumb":{"@id":"https:\/\/www.hemmakvall.se\/portal\/produkt\/paskagg-lilja\/#breadcrumb"},"inLanguage":"sv-SE","potentialAction":[{"@type":"ReadAction","target":["https:\/\/www.hemmakvall.se\/portal\/produkt\/paskagg-lilja\/"]}]},{"@type":"ImageObject","inLanguage":"sv-SE","@id":"https:\/\/www.hemmakvall.se\/portal\/produkt\/paskagg-lilja\/#primaryimage","url":"https:\/\/www.hemmakvall.se\/portal\/wp-content\/uploads\/sites\/5\/2026\/01\/KF_paskagg_lilja.png","contentUrl":"https:\/\/www.hemmakvall.se\/portal\/wp-content\/uploads\/sites\/5\/2026\/01\/KF_paskagg_lilja.png","width":2000,"height":2000},{"@type":"BreadcrumbList","@id":"https:\/\/www.hemmakvall.se\/portal\/produkt\/paskagg-lilja\/#breadcrumb","itemListElement":[{"@type":"ListItem","position":1,"name":"Hem","item":"https:\/\/www.hemmakvall.se\/portal\/"},{"@type":"ListItem","position":2,"name":"Butik","item":"https:\/\/www.hemmakvall.se\/portal\/butik\/"},{"@type":"ListItem","position":3,"name":"P\u00e5sk\u00e4gg Lilja"}]},{"@type":"WebSite","@id":"https:\/\/www.hemmakvall.se\/portal\/#website","url":"https:\/\/www.hemmakvall.se\/portal\/","name":"Hemmakv\u00e4ll - F\u00f6rening","description":"","publisher":{"@id":"https:\/\/www.hemmakvall.se\/portal\/#organization"},"potentialAction":[{"@type":"SearchAction","target":{"@type":"EntryPoint","urlTemplate":"https:\/\/www.hemmakvall.se\/portal\/?s={search_term_string}"},"query-input":{"@type":"PropertyValueSpecification","valueRequired":true,"valueName":"search_term_string"}}],"inLanguage":"sv-SE"},{"@type":"Organization","@id":"https:\/\/www.hemmakvall.se\/portal\/#organization","name":"Hemmakv\u00e4ll - F\u00f6rening","url":"https:\/\/www.hemmakvall.se\/portal\/","logo":{"@type":"ImageObject","inLanguage":"sv-SE","@id":"https:\/\/www.hemmakvall.se\/portal\/#\/schema\/logo\/image\/","url":"https:\/\/www.hemmakvall.se\/forening\/wp-content\/uploads\/sites\/3\/2023\/12\/hemmakvall-logo-1200bl.png","contentUrl":"https:\/\/www.hemmakvall.se\/forening\/wp-content\/uploads\/sites\/3\/2023\/12\/hemmakvall-logo-1200bl.png","width":1201,"height":261,"caption":"Hemmakv\u00e4ll - F\u00f6rening"},"image":{"@id":"https:\/\/www.hemmakvall.se\/portal\/#\/schema\/logo\/image\/"}}]}},"_links":{"self":[{"href":"https:\/\/www.hemmakvall.se\/portal\/wp-json\/wp\/v2\/product\/23948","targetHints":{"allow":["GET"]}}],"collection":[{"href":"https:\/\/www.hemmakvall.se\/portal\/wp-json\/wp\/v2\/product"}],"about":[{"href":"https:\/\/www.hemmakvall.se\/portal\/wp-json\/wp\/v2\/types\/product"}],"wp:featuredmedia":[{"embeddable":true,"href":"https:\/\/www.hemmakvall.se\/portal\/wp-json\/wp\/v2\/media\/23949"}],"wp:attachment":[{"href":"https:\/\/www.hemmakvall.se\/portal\/wp-json\/wp\/v2\/media?parent=23948"}],"wp:term":[{"taxonomy":"product_brand","embeddable":true,"href":"https:\/\/www.hemmakvall.se\/portal\/wp-json\/wp\/v2\/product_brand?post=23948"},{"taxonomy":"product_cat","embeddable":true,"href":"https:\/\/www.hemmakvall.se\/portal\/wp-json\/wp\/v2\/product_cat?post=23948"},{"taxonomy":"product_tag","embeddable":true,"href":"https:\/\/www.hemmakvall.se\/portal\/wp-json\/wp\/v2\/product_tag?post=23948"}],"curies":[{"name":"wp","href":"https:\/\/api.w.org\/{rel}","templated":true}]}}